{"id":115943,"date":"2024-11-05T17:22:20","date_gmt":"2024-11-05T16:22:20","guid":{"rendered":"https:\/\/secureus.se\/?post_type=product&#038;p=115943"},"modified":"2026-01-12T12:49:08","modified_gmt":"2026-01-12T11:49:08","slug":"sjalvhaftande-ficka-pocketfix-90x57-100-st","status":"publish","type":"product","link":"https:\/\/secureus.se\/de\/sjalvhaftande-ficka-pocketfix-90x57-100-st\/","title":{"rendered":"Selbstklebende Tasche POCKETFIX\u00ae 90\u00d757 100 Stk"},"content":{"rendered":"<p>Beschriften Sie Ordner, Ordner, Kartons etc. mit Etiketten, die in eine selbstklebende POCKETFIX\u00ae-Tasche gesteckt werden. Die transparente Tasche besteht aus Polypropylen-Kunststoff. Dieses Fach f\u00fcr Visitenkarten hat eine \u00d6ffnung an einer Seite der Karte und einen Daumengriff zum einfachen Herausnehmen der Karte. Wird mit wei\u00dfen Etiketten auf B\u00f6gen geliefert, die in einem Drucker ausgedruckt werden k\u00f6nnen. Im kostenlosen Programm DURAPRINT\u00ae gibt es eine Vorlage zum Erstellen des Etiketts. Innenma\u00dfe: 90\u00d757. Au\u00dfenma\u00dfe: 93\u00d762 mm (BxH). Packung mit 100 Taschen.<\/p>","protected":false},"excerpt":{"rendered":"<p>Selbstklebende Tasche mit \u00d6ffnung an einer kurzen Seite. F\u00fcr Visitenkarten im Format 90\u00d757.<\/p>","protected":false},"featured_media":135361,"template":"","meta":{"_acf_changed":false},"product_brand":[],"product_cat":[4252],"product_tag":[4376],"class_list":{"0":"post-115943","1":"product","2":"type-product","3":"status-publish","4":"has-post-thumbnail","6":"product_cat-sjalvhaftande-fickor","7":"product_tag-transparent","8":"product_shipping_class-tunga-paket","9":"pa_brands-durable","10":"pa_farg-transparent","11":"tm-no-options","13":"first","14":"instock","15":"sale","16":"taxable","17":"shipping-taxable","18":"purchasable","19":"product-type-simple"},"acf":[],"_links":{"self":[{"href":"https:\/\/secureus.se\/de\/wp-json\/wp\/v2\/product\/115943","targetHints":{"allow":["GET"]}}],"collection":[{"href":"https:\/\/secureus.se\/de\/wp-json\/wp\/v2\/product"}],"about":[{"href":"https:\/\/secureus.se\/de\/wp-json\/wp\/v2\/types\/product"}],"wp:featuredmedia":[{"embeddable":true,"href":"https:\/\/secureus.se\/de\/wp-json\/wp\/v2\/media\/135361"}],"wp:attachment":[{"href":"https:\/\/secureus.se\/de\/wp-json\/wp\/v2\/media?parent=115943"}],"wp:term":[{"taxonomy":"product_brand","embeddable":true,"href":"https:\/\/secureus.se\/de\/wp-json\/wp\/v2\/product_brand?post=115943"},{"taxonomy":"product_cat","embeddable":true,"href":"https:\/\/secureus.se\/de\/wp-json\/wp\/v2\/product_cat?post=115943"},{"taxonomy":"product_tag","embeddable":true,"href":"https:\/\/secureus.se\/de\/wp-json\/wp\/v2\/product_tag?post=115943"}],"curies":[{"name":"wp","href":"https:\/\/api.w.org\/{rel}","templated":true}]}}