{"id":115982,"date":"2024-11-05T17:12:53","date_gmt":"2024-11-05T16:12:53","guid":{"rendered":"https:\/\/secureus.se\/?post_type=product&#038;p=115982"},"modified":"2026-01-12T12:54:56","modified_gmt":"2026-01-12T11:54:56","slug":"tablet-holder-wall-xl","status":"publish","type":"product","link":"https:\/\/secureus.se\/de\/tablet-holder-wall-xl\/","title":{"rendered":"TABLETHALTER WAND XL"},"content":{"rendered":"<p>Tablet-Wandhalterung in stilvollem und funktionalem Design f\u00fcr Tablets in den Gr\u00f6\u00dfen 7\u2033-13\u2033 (160-275 mm). F\u00fcr den Einsatz in der Industrie, im Lager und im Transportbereich, wo Tablets mit einer Schutzh\u00fclle oder einem Cover verwendet werden. Nahe an der Wand und einfache Installation. Der Halter, f\u00fcr Tablets ohne oder mit H\u00fclle bis 23 mm Dicke, ist um 360\u00b0 drehbar mit vier Rastpositionen alle 90\u00b0, f\u00fcr den Einsatz im Hoch- oder Querformat. Das Tablet l\u00e4sst sich einfach aus der Halterung entnehmen und f\u00fcr digitale Kontrollen, Prozesse und Analysen mitnehmen. Der Anschluss des Ladekabels erfolgt durch eine \u00d6ffnung in der Tablet-Halterung. Einfach zu installierende, starke und sichere Wandhalterung inklusive Schraube und D\u00fcbel.<br \/>\nMaximales Gewicht f\u00fcr das Tablet 1 kg.<br \/>\nMaterialien: Aluminium, ABS-Kunststoff<br \/>\nAbmessungen: 95 x 225 x 170 mm (B x H x T)  <\/p>","protected":false},"excerpt":{"rendered":"<p>Tablet-Halter f\u00fcr Tablets mit einer Schutzh\u00fclle mit einer Dicke von bis zu 23 mm. Wandhalterung f\u00fcr den Einsatz in Umgebungen, in denen Tablets mit Schutzh\u00fclle oder H\u00fclle verwendet werden, z. B. in Produktionsanlagen, in Lagerhallen und im Transportbereich.<\/p>","protected":false},"featured_media":136068,"template":"","meta":{"_acf_changed":false},"product_brand":[],"product_cat":[4236],"product_tag":[4382],"class_list":{"0":"post-115982","1":"product","2":"type-product","3":"status-publish","4":"has-post-thumbnail","6":"product_cat-surfplattehallare","7":"product_tag-silver","8":"product_shipping_class-tunga-paket","9":"pa_brands-durable","10":"pa_farg-silver","11":"tm-no-options","13":"first","14":"instock","15":"sale","16":"taxable","17":"shipping-taxable","18":"purchasable","19":"product-type-simple"},"acf":[],"_links":{"self":[{"href":"https:\/\/secureus.se\/de\/wp-json\/wp\/v2\/product\/115982","targetHints":{"allow":["GET"]}}],"collection":[{"href":"https:\/\/secureus.se\/de\/wp-json\/wp\/v2\/product"}],"about":[{"href":"https:\/\/secureus.se\/de\/wp-json\/wp\/v2\/types\/product"}],"wp:featuredmedia":[{"embeddable":true,"href":"https:\/\/secureus.se\/de\/wp-json\/wp\/v2\/media\/136068"}],"wp:attachment":[{"href":"https:\/\/secureus.se\/de\/wp-json\/wp\/v2\/media?parent=115982"}],"wp:term":[{"taxonomy":"product_brand","embeddable":true,"href":"https:\/\/secureus.se\/de\/wp-json\/wp\/v2\/product_brand?post=115982"},{"taxonomy":"product_cat","embeddable":true,"href":"https:\/\/secureus.se\/de\/wp-json\/wp\/v2\/product_cat?post=115982"},{"taxonomy":"product_tag","embeddable":true,"href":"https:\/\/secureus.se\/de\/wp-json\/wp\/v2\/product_tag?post=115982"}],"curies":[{"name":"wp","href":"https:\/\/api.w.org\/{rel}","templated":true}]}}