{"id":116027,"date":"2024-11-20T14:10:22","date_gmt":"2024-11-20T13:10:22","guid":{"rendered":"https:\/\/secureus.se\/?post_type=product&#038;p=116027"},"modified":"2026-01-12T12:03:09","modified_gmt":"2026-01-12T11:03:09","slug":"golvmarkering-punkt","status":"publish","type":"product","link":"https:\/\/secureus.se\/de\/golvmarkering-punkt\/","title":{"rendered":"Bodenmarkierung \u201ePunkt\u201c"},"content":{"rendered":"<p>Selbstklebendes rundes Bodenmarkierungssymbol in Form eines \u201eO\u201c zur Markierung im Innenbereich oder zur Abgrenzung von Palettenpl\u00e4tzen oder anderen Bereichen. Wird auf sauberen und trockenen Betonb\u00f6den befestigt. Strapazierf\u00e4hig und langlebig mit Rutschhemmung R9 nach DIN 51130.<br \/>\nAbmessungen (B x H x T): \u00d8 100 mm, Dicke 0,7 mm<\/p>","protected":false},"excerpt":{"rendered":"<p>Selbstklebende Bodenmarkierung in \u201eO\u201c-Form zur Abgrenzung bzw. Markierung von Sonderbereichen.<\/p>","protected":false},"featured_media":133703,"template":"","meta":{"_acf_changed":false},"product_brand":[],"product_cat":[4302],"product_tag":[4395],"class_list":{"0":"post-116027","1":"product","2":"type-product","3":"status-publish","4":"has-post-thumbnail","6":"product_cat-markeringar-av-uppstallningsplatser","7":"product_tag-gul","8":"product_shipping_class-tunga-paket","9":"pa_brands-durable","10":"pa_farg-gul","11":"tm-no-options","13":"first","14":"instock","15":"sale","16":"taxable","17":"shipping-taxable","18":"purchasable","19":"product-type-simple"},"acf":[],"_links":{"self":[{"href":"https:\/\/secureus.se\/de\/wp-json\/wp\/v2\/product\/116027","targetHints":{"allow":["GET"]}}],"collection":[{"href":"https:\/\/secureus.se\/de\/wp-json\/wp\/v2\/product"}],"about":[{"href":"https:\/\/secureus.se\/de\/wp-json\/wp\/v2\/types\/product"}],"wp:featuredmedia":[{"embeddable":true,"href":"https:\/\/secureus.se\/de\/wp-json\/wp\/v2\/media\/133703"}],"wp:attachment":[{"href":"https:\/\/secureus.se\/de\/wp-json\/wp\/v2\/media?parent=116027"}],"wp:term":[{"taxonomy":"product_brand","embeddable":true,"href":"https:\/\/secureus.se\/de\/wp-json\/wp\/v2\/product_brand?post=116027"},{"taxonomy":"product_cat","embeddable":true,"href":"https:\/\/secureus.se\/de\/wp-json\/wp\/v2\/product_cat?post=116027"},{"taxonomy":"product_tag","embeddable":true,"href":"https:\/\/secureus.se\/de\/wp-json\/wp\/v2\/product_tag?post=116027"}],"curies":[{"name":"wp","href":"https:\/\/api.w.org\/{rel}","templated":true}]}}