{"id":116030,"date":"2024-11-20T14:17:34","date_gmt":"2024-11-20T13:17:34","guid":{"rendered":"https:\/\/secureus.se\/?post_type=product&#038;p=116030"},"modified":"2025-12-31T21:26:25","modified_gmt":"2025-12-31T20:26:25","slug":"sekretessfilter-magnetic-11-6","status":"publish","type":"product","link":"https:\/\/secureus.se\/de\/sekretessfilter-magnetic-11-6\/","title":{"rendered":"Blickschutzfilter MAGNETIC 11,6\u201c"},"content":{"rendered":"<p>Da es \u00fcblich ist, an mehr Orten als im B\u00fcro zu arbeiten \u2013 in Z\u00fcgen, Flugzeugen oder an \u00f6ffentlichen Orten mit vielen Menschen wie Caf\u00e9s \u2013, steigt auch das Risiko, dass Unbefugte einen Blick auf Informationen werfen oder diese sehen, die wir nicht weitergeben m\u00f6chten oder sollten. Sch\u00fctzen Sie Ihren Computerbildschirm mit Sichtschutzfiltern vor visuellen Einbr\u00fcchen und neugierigen Blicken. Entfernen Sie die Schutzfolie von den Magneten am oberen rechten und linken Rand des Filters und befestigen Sie den Filter am PC. Dann entfernen Sie einfach den Filter, der magnetisch an den beiden am PC befestigten Magneten haftet. Wenn der Filter nicht verwendet wird, kann er im mitgelieferten Aufbewahrungsordner aufbewahrt werden. Der Blickschutzfilter verdunkelt den Bildschirm im 30\u00b0-Winkel von beiden Seiten, bietet dem Nutzer aber von vorne ein klares Bildschirmbild. Bei seitlicher Betrachtung verhindert der Sichtschutzfilter das Sp\u00e4hen in einem Winkel von 60\u00b0. Die matte Oberfl\u00e4che des Filters reduziert die Belastung der Augen und reduziert sch\u00e4dliches blaues Licht. Der Bildschirm ist durch den Bildschirmfilter vor Kratzern und Staub gesch\u00fctzt und kann auch auf Touchscreens verwendet werden. Zur Reinigung des Computerbildschirms und Filters ist ein Mikrofasertuch im Lieferumfang enthalten.<br \/>\nDieser Filter ist f\u00fcr 11,6-Zoll-Bildschirme mit den Abmessungen 257 x 144,5 mm \/ 10,1 x 5,7 Zoll (BxH) vorgesehen. Die Abmessungen des Blickschutzfilters betragen 257 x 153,5 mm.<\/p>","protected":false},"excerpt":{"rendered":"<p>Blickschutzfilter mit magnetischer Befestigung, der die Privatsph\u00e4re Ihres Computerbildschirms vor unbefugten Blicken sch\u00fctzt. Lieferung in praktischer Aufbewahrungstasche. F\u00fcr 11,6\u201c-Bildschirme.<\/p>","protected":false},"featured_media":133516,"template":"","meta":{"_acf_changed":false},"product_brand":[],"product_cat":[4241,4242],"product_tag":[4394],"class_list":{"0":"post-116030","1":"product","2":"type-product","3":"status-publish","4":"has-post-thumbnail","6":"product_cat-datortillbehor","7":"product_cat-sekretessfilter","8":"product_tag-antracitgra","9":"product_shipping_class-tunga-paket","10":"pa_brands-durable","11":"pa_farg-antracitgra","12":"tm-no-options","14":"first","15":"instock","16":"sale","17":"taxable","18":"shipping-taxable","19":"purchasable","20":"product-type-simple"},"acf":[],"_links":{"self":[{"href":"https:\/\/secureus.se\/de\/wp-json\/wp\/v2\/product\/116030","targetHints":{"allow":["GET"]}}],"collection":[{"href":"https:\/\/secureus.se\/de\/wp-json\/wp\/v2\/product"}],"about":[{"href":"https:\/\/secureus.se\/de\/wp-json\/wp\/v2\/types\/product"}],"wp:featuredmedia":[{"embeddable":true,"href":"https:\/\/secureus.se\/de\/wp-json\/wp\/v2\/media\/133516"}],"wp:attachment":[{"href":"https:\/\/secureus.se\/de\/wp-json\/wp\/v2\/media?parent=116030"}],"wp:term":[{"taxonomy":"product_brand","embeddable":true,"href":"https:\/\/secureus.se\/de\/wp-json\/wp\/v2\/product_brand?post=116030"},{"taxonomy":"product_cat","embeddable":true,"href":"https:\/\/secureus.se\/de\/wp-json\/wp\/v2\/product_cat?post=116030"},{"taxonomy":"product_tag","embeddable":true,"href":"https:\/\/secureus.se\/de\/wp-json\/wp\/v2\/product_tag?post=116030"}],"curies":[{"name":"wp","href":"https:\/\/api.w.org\/{rel}","templated":true}]}}