{"id":116052,"date":"2024-11-20T14:10:22","date_gmt":"2024-11-20T13:10:22","guid":{"rendered":"https:\/\/secureus.se\/?post_type=product&#038;p=116052"},"modified":"2026-01-12T11:59:33","modified_gmt":"2026-01-12T10:59:33","slug":"golvmarkeringstejp-duraline-50-05-3","status":"publish","type":"product","link":"https:\/\/secureus.se\/de\/golvmarkeringstejp-duraline-50-05-3\/","title":{"rendered":"Bodenmarkierungsband DURALINE\u00ae 50\/05"},"content":{"rendered":"<p>Selbstklebendes Markierungsband f\u00fcr den Innenbereich. Wird zur dauerhaften Markierung von Bereichen verwendet, die Aufmerksamkeit erfordern, z. B. Sperrbereiche f\u00fcr vor\u00fcbergehende Waren oder Rohstoffe. Wird auf sauberen und trockenen Betonb\u00f6den befestigt. Strapazierf\u00e4hig und langlebig mit Rutschhemmklasse R9 nach DIN51130.<br \/>\nAbmessungen (B x L): Rolle \u00e0 30 m, 50 mm breit, Dicke 0,5 mm<\/p>","protected":false},"excerpt":{"rendered":"<p>Selbstklebendes einfarbiges Bodenmarkierungsband zur Schaffung von Ordnung und Sicherheit in Lager und Industrie. 0,5 mm dick.<\/p>","protected":false},"featured_media":133826,"template":"","meta":{"_acf_changed":false},"product_brand":[],"product_cat":[4303],"product_tag":[4396],"class_list":{"0":"post-116052","1":"product","2":"type-product","3":"status-publish","4":"has-post-thumbnail","6":"product_cat-golvtejp","7":"product_tag-vit","8":"product_shipping_class-tunga-paket","9":"pa_brands-durable","10":"pa_farg-vit","11":"tm-no-options","13":"first","14":"instock","15":"sale","16":"taxable","17":"shipping-taxable","18":"purchasable","19":"product-type-simple"},"acf":[],"_links":{"self":[{"href":"https:\/\/secureus.se\/de\/wp-json\/wp\/v2\/product\/116052","targetHints":{"allow":["GET"]}}],"collection":[{"href":"https:\/\/secureus.se\/de\/wp-json\/wp\/v2\/product"}],"about":[{"href":"https:\/\/secureus.se\/de\/wp-json\/wp\/v2\/types\/product"}],"wp:featuredmedia":[{"embeddable":true,"href":"https:\/\/secureus.se\/de\/wp-json\/wp\/v2\/media\/133826"}],"wp:attachment":[{"href":"https:\/\/secureus.se\/de\/wp-json\/wp\/v2\/media?parent=116052"}],"wp:term":[{"taxonomy":"product_brand","embeddable":true,"href":"https:\/\/secureus.se\/de\/wp-json\/wp\/v2\/product_brand?post=116052"},{"taxonomy":"product_cat","embeddable":true,"href":"https:\/\/secureus.se\/de\/wp-json\/wp\/v2\/product_cat?post=116052"},{"taxonomy":"product_tag","embeddable":true,"href":"https:\/\/secureus.se\/de\/wp-json\/wp\/v2\/product_tag?post=116052"}],"curies":[{"name":"wp","href":"https:\/\/api.w.org\/{rel}","templated":true}]}}