{"id":116128,"date":"2024-11-05T17:17:02","date_gmt":"2024-11-05T16:17:02","guid":{"rendered":"https:\/\/secureus.se\/?post_type=product&#038;p=116128"},"modified":"2026-01-12T12:33:35","modified_gmt":"2026-01-12T11:33:35","slug":"skarmhallare-pro-for-1-skarm-och-1-surfplatta-kabelhalsfaste","status":"publish","type":"product","link":"https:\/\/secureus.se\/de\/skarmhallare-pro-for-1-skarm-och-1-surfplatta-kabelhalsfaste\/","title":{"rendered":"Bildschirmhalter PRO f\u00fcr 1 Bildschirm und 1 Tablet, Kabellochhalterung"},"content":{"rendered":"<p>Die langlebigen, einfach zu bedienenden Bildschirmhalter (auch Monitorarme genannt) von guter Qualit\u00e4t schaffen Platz auf dem Schreibtisch und sorgen f\u00fcr eine gute Arbeitsergonomie. Dank des zeitlosen und eleganten Designs machen sie sich in vielen verschiedenen Umgebungen gut. Gedacht f\u00fcr Bildschirme mit einem Format von 21 \u2013 28 Zoll und einem Gewicht von 3-8 kg, die f\u00fcr die VESA-Montage 75 x 75 mm oder 100 x 100 mm vorbereitet sind. Der Monitor wird einfach in die zum Patent angemeldete Schnellhalterung eingeklickt. Die Bildschirmhalter sind flexibel, da sie f\u00fcr einen guten Lesewinkel abgewinkelt und drehbar sind, um den Bildschirm im Hoch- oder Querformat zu positionieren. Bei Bildschirmen zwischen 28 und 34 Zoll ist die Drehbarkeit begrenzt. Hergestellt aus ausgew\u00e4hlten Premium-Materialien f\u00fcr eine lange Lebensdauer \u2013 Aluminium, Metall und hochwertiger Kunststoff von bis zu 60 % aus recyceltem Material. Durch die Recyclingf\u00e4higkeit von bis zu 100 % sind diese Siebhalter umweltfreundlich gem\u00e4\u00df ISO 14021. Die Herstellung erfolgt in der Produktionsst\u00e4tte von DURABLE in Deutschland. 10 Jahre Garantie. Der Antrag auf Zulassung dieser Bildschirmhalter mit dem Sicherheitszeichen GS (gepr\u00fcfte Sicherheit), das K\u00e4ufern, H\u00e4ndlern und Endverbrauchern die Garantie gibt, dass das Produkt den neuesten Sicherheitsanforderungen entspricht, wurde eingereicht, ebenso wie der Antrag auf T\u00dcV-Zertifizierung eine anerkannte deutsche Produktsicherheits- und Qualit\u00e4tszertifizierung.<\/p>\n<p>Bildschirmhalter f\u00fcr einen Computerbildschirm und ein Tablet. Bestehend aus einem vertikalen Tischst\u00e4nder und einem Querarm mit zwei verschiebbaren Halterungen. Die Bildschirmhalterungen sind in der gew\u00e4hlten Position arretierbar und werden bei der H\u00f6henverstellung der Bildschirme sicher fixiert. Der Querarm ist h\u00f6henverstellbar von 50-340 mm. Der Tablet-Halter passt f\u00fcr Tablets von 7\u2033 bis 13\u2033 und ist um 360\u00b0 drehbar mit vier Stopppositionen alle 90\u00b0. Es kann auch mit einem Spezialschl\u00fcssel verschlossen werden, um ein Herausnehmen des Tablets zu verhindern. Im Lieferumfang sind f\u00fcnf Kabelklemmen enthalten, die beliebig platziert werden k\u00f6nnen \u2013 um die Kabel organisiert zu halten. Die Bildschirme k\u00f6nnen individuell um 110 - 85\u00b0 nach oben und 25\u00b0 nach unten geneigt werden. Einfache Montage: Kabellochhalterung f\u00fcr Tischplatten mit Kabell\u00f6chern von 60\u201380 mm Durchmesser. Abmessungen: 780 x 445 x 190 mm (B x H x T)<\/p>\n<p>Lesen Sie mehr \u00fcber die GS-Kennzeichnung: https:\/\/www.handelskammer.se\/vara-tjanster\/miljorapportering\/symbolguiden\/geprufte-sicherheit-provad-sakerhet<br \/>\nLesen Sie mehr \u00fcber die T\u00dcV-Zertifizierung: https:\/\/www.handelskammer.se\/vara-tjanster\/miljorapportering\/symbolguiden\/tuv-technischer-uberwachungsverein<br \/>\nDie Garantiebedingungen finden Sie hier: https:\/\/www.durable.se\/sv_SE\/service\/garanti\/garanti-foer-skaermhaallare\/<\/p>","protected":false},"excerpt":{"rendered":"<p>Verstellbarer Bildschirmhalter zum Arbeiten an verschiedenen Ger\u00e4ten; Computerbildschirm und Tablet. Mit Kabellochhalterung.<\/p>","protected":false},"featured_media":135629,"template":"","meta":{"_acf_changed":false},"product_brand":[],"product_cat":[4243],"product_tag":[4382],"class_list":{"0":"post-116128","1":"product","2":"type-product","3":"status-publish","4":"has-post-thumbnail","6":"product_cat-skarmhallare","7":"product_tag-silver","8":"product_shipping_class-tunga-paket","9":"pa_brands-durable","10":"pa_farg-silver","11":"tm-no-options","13":"first","14":"instock","15":"sale","16":"taxable","17":"shipping-taxable","18":"purchasable","19":"product-type-simple"},"acf":[],"_links":{"self":[{"href":"https:\/\/secureus.se\/de\/wp-json\/wp\/v2\/product\/116128","targetHints":{"allow":["GET"]}}],"collection":[{"href":"https:\/\/secureus.se\/de\/wp-json\/wp\/v2\/product"}],"about":[{"href":"https:\/\/secureus.se\/de\/wp-json\/wp\/v2\/types\/product"}],"wp:featuredmedia":[{"embeddable":true,"href":"https:\/\/secureus.se\/de\/wp-json\/wp\/v2\/media\/135629"}],"wp:attachment":[{"href":"https:\/\/secureus.se\/de\/wp-json\/wp\/v2\/media?parent=116128"}],"wp:term":[{"taxonomy":"product_brand","embeddable":true,"href":"https:\/\/secureus.se\/de\/wp-json\/wp\/v2\/product_brand?post=116128"},{"taxonomy":"product_cat","embeddable":true,"href":"https:\/\/secureus.se\/de\/wp-json\/wp\/v2\/product_cat?post=116128"},{"taxonomy":"product_tag","embeddable":true,"href":"https:\/\/secureus.se\/de\/wp-json\/wp\/v2\/product_tag?post=116128"}],"curies":[{"name":"wp","href":"https:\/\/api.w.org\/{rel}","templated":true}]}}