{"id":116157,"date":"2024-11-05T17:15:23","date_gmt":"2024-11-05T16:15:23","guid":{"rendered":"https:\/\/secureus.se\/?post_type=product&#038;p=116157"},"modified":"2026-01-12T12:55:10","modified_gmt":"2026-01-12T11:55:10","slug":"surfplattehallare-rise","status":"publish","type":"product","link":"https:\/\/secureus.se\/de\/surfplattehallare-rise\/","title":{"rendered":"Surfbretthalter RISE"},"content":{"rendered":"<p>Remote-Arbeit, virtuelles Lernen und erh\u00f6hter Medienkonsum haben die Nutzung von Tablets verst\u00e4rkt. Ein Tablet-Halter macht die Nutzung bequemer und ergonomischer, z. B. im Pflegeheim, um mit Ihren Lieben in Kontakt zu bleiben, zu Hause f\u00fcr Rezepte, digitale Zeitschriften, soziale Medien oder bei Besprechungen und Reisen. Der Tablet-Halter RISE ist ein klappbarer Tischst\u00e4nder aus bis zu 40% recyceltem Aluminium und bietet Platz f\u00fcr Tablets bis 13\u2033, mit einem maximalen Gewicht von 1 kg. Das Tablet kann im Hoch- oder Querformat in der Halterung platziert werden. Stufenlose H\u00f6hen- und Lesewinkelverstellung. Gummipolster und eine Anschlagkante verhindern ein Verrutschen des Tablets. Auch auf der Unterseite sch\u00fctzen Gummipads die Tischoberfl\u00e4che vor Kratzern und sorgen f\u00fcr einen sicheren Stand des St\u00e4nders. 100 % recycelbar<br \/>\nMa\u00dfe zusammengeklappt: H 47 x B 170 x T 155 mm.<br \/>\nDie Platte, auf der das Tablet ruht, ist 170 x 155 mm gro\u00df, die Tischplatte 170 x 137 mm. Der Arm ist 130 mm lang.<\/p>","protected":false},"excerpt":{"rendered":"<p>Stufenlos verstellbarer St\u00e4nder f\u00fcr Tablets oder Smartphones. Zusammenklappbar und dennoch stabil im Gebrauch<\/p>","protected":false},"featured_media":135516,"template":"","meta":{"_acf_changed":false},"product_brand":[],"product_cat":[4236],"product_tag":[4382],"class_list":{"0":"post-116157","1":"product","2":"type-product","3":"status-publish","4":"has-post-thumbnail","6":"product_cat-surfplattehallare","7":"product_tag-silver","8":"product_shipping_class-tunga-paket","9":"pa_brands-durable","10":"pa_farg-silver","11":"tm-no-options","13":"first","14":"instock","15":"sale","16":"taxable","17":"shipping-taxable","18":"purchasable","19":"product-type-simple"},"acf":[],"_links":{"self":[{"href":"https:\/\/secureus.se\/de\/wp-json\/wp\/v2\/product\/116157","targetHints":{"allow":["GET"]}}],"collection":[{"href":"https:\/\/secureus.se\/de\/wp-json\/wp\/v2\/product"}],"about":[{"href":"https:\/\/secureus.se\/de\/wp-json\/wp\/v2\/types\/product"}],"wp:featuredmedia":[{"embeddable":true,"href":"https:\/\/secureus.se\/de\/wp-json\/wp\/v2\/media\/135516"}],"wp:attachment":[{"href":"https:\/\/secureus.se\/de\/wp-json\/wp\/v2\/media?parent=116157"}],"wp:term":[{"taxonomy":"product_brand","embeddable":true,"href":"https:\/\/secureus.se\/de\/wp-json\/wp\/v2\/product_brand?post=116157"},{"taxonomy":"product_cat","embeddable":true,"href":"https:\/\/secureus.se\/de\/wp-json\/wp\/v2\/product_cat?post=116157"},{"taxonomy":"product_tag","embeddable":true,"href":"https:\/\/secureus.se\/de\/wp-json\/wp\/v2\/product_tag?post=116157"}],"curies":[{"name":"wp","href":"https:\/\/api.w.org\/{rel}","templated":true}]}}