{"id":116275,"date":"2024-11-05T17:13:11","date_gmt":"2024-11-05T16:13:11","guid":{"rendered":"https:\/\/secureus.se\/?post_type=product&#038;p=116275"},"modified":"2026-01-12T12:54:32","modified_gmt":"2026-01-12T11:54:32","slug":"tablet-holder-wall-arm","status":"publish","type":"product","link":"https:\/\/secureus.se\/de\/tablet-holder-wall-arm\/","title":{"rendered":"TABLET-HALTER-WANDARM"},"content":{"rendered":"<p>Wandmontierter Tablet-Halter mit Gelenkarm in stilvollem und funktionalem Design f\u00fcr Tablets in den Gr\u00f6\u00dfen 7\u2033-13\u2033 (160-275 mm). F\u00fcr Informationen und Offenlegungen auf Messen, in Verkaufs- und Ausstellungsr\u00e4umen und anderen Orten. Nahe an der Wand und einfache Installation. Der Halter mit gummibeschichteten Oberfl\u00e4chen, die das Tablet vor Kratzern und Besch\u00e4digungen sch\u00fctzen, ist um 360\u00b0 drehbar und verf\u00fcgt \u00fcber vier Stopppositionen alle 90\u00b0 f\u00fcr die Verwendung im Hoch- oder Querformat. Durch die stufenlose Neigbarkeit nach oben und unten von -6\u00b0 bis +46\u00b0 sowie die Schwenkbarkeit um 170\u00b0 nach rechts und links l\u00e4sst er sich ganz einfach an Ihre Bed\u00fcrfnisse anpassen. Das Tablet l\u00e4sst sich leicht in die Halterung einsetzen und entnehmen, die mit einem Spezialschl\u00fcssel gegen Diebstahl gesichert ist. Der Anschluss des Ladekabels erfolgt durch eine \u00d6ffnung in der Halterung. Der Arm ist um 180\u00b0 seitlich schwenkbar und auf 365 mm ausziehbar. Einfach zu installierende, starke und sichere Wandhalterung inklusive Schraube und D\u00fcbel.<br \/>\nMaximales Gewicht f\u00fcr das Tablet 1 kg.<br \/>\nMaterialien: Blech, Aluminium, ABS-Kunststoff<br \/>\nAbmessungen: 95 x 225 x 170 mm (B x H x T)<\/p>","protected":false},"excerpt":{"rendered":"<p>Tablet-Halter. Wandhalterung mit Gelenkschwenkarm f\u00fcr einen oder mehrere Benutzer. <\/p>","protected":false},"featured_media":135764,"template":"","meta":{"_acf_changed":false},"product_brand":[],"product_cat":[4236],"product_tag":[4382],"class_list":{"0":"post-116275","1":"product","2":"type-product","3":"status-publish","4":"has-post-thumbnail","6":"product_cat-surfplattehallare","7":"product_tag-silver","8":"product_shipping_class-tunga-paket","9":"pa_brands-durable","10":"pa_farg-silver","11":"tm-no-options","13":"first","14":"instock","15":"sale","16":"taxable","17":"shipping-taxable","18":"purchasable","19":"product-type-simple"},"acf":[],"_links":{"self":[{"href":"https:\/\/secureus.se\/de\/wp-json\/wp\/v2\/product\/116275","targetHints":{"allow":["GET"]}}],"collection":[{"href":"https:\/\/secureus.se\/de\/wp-json\/wp\/v2\/product"}],"about":[{"href":"https:\/\/secureus.se\/de\/wp-json\/wp\/v2\/types\/product"}],"wp:featuredmedia":[{"embeddable":true,"href":"https:\/\/secureus.se\/de\/wp-json\/wp\/v2\/media\/135764"}],"wp:attachment":[{"href":"https:\/\/secureus.se\/de\/wp-json\/wp\/v2\/media?parent=116275"}],"wp:term":[{"taxonomy":"product_brand","embeddable":true,"href":"https:\/\/secureus.se\/de\/wp-json\/wp\/v2\/product_brand?post=116275"},{"taxonomy":"product_cat","embeddable":true,"href":"https:\/\/secureus.se\/de\/wp-json\/wp\/v2\/product_cat?post=116275"},{"taxonomy":"product_tag","embeddable":true,"href":"https:\/\/secureus.se\/de\/wp-json\/wp\/v2\/product_tag?post=116275"}],"curies":[{"name":"wp","href":"https:\/\/api.w.org\/{rel}","templated":true}]}}