{"id":116301,"date":"2024-11-05T17:22:44","date_gmt":"2024-11-05T16:22:44","guid":{"rendered":"https:\/\/secureus.se\/?post_type=product&#038;p=116301"},"modified":"2026-01-12T12:46:49","modified_gmt":"2026-01-12T11:46:49","slug":"sjalvhaftande-ficka-pocketfix-75x18-10-st","status":"publish","type":"product","link":"https:\/\/secureus.se\/de\/sjalvhaftande-ficka-pocketfix-75x18-10-st\/","title":{"rendered":"Selbstklebende Tasche POCKETFIX\u00ae 75\u00d718 10 Stk"},"content":{"rendered":"<p>Beschriften Sie Ordner, Ordner, Kartons, Briefk\u00e4sten mit Etiketten, die in eine selbstklebende POCKETFIX\u00ae-Tasche gesteckt werden. Die transparente Tasche besteht aus Polypropylen-Kunststoff. Diese lange, schmale Tasche hat eine \u00d6ffnung an einer Kartenseite und einen Daumengriff zum einfachen Herausnehmen der Karte. Wird mit wei\u00dfen Etiketten auf B\u00f6gen geliefert, die in einem Drucker ausgedruckt werden k\u00f6nnen. Im kostenlosen Programm DURAPRINT\u00ae gibt es eine Vorlage zum Erstellen des Etiketts. Innenma\u00dfe: 75\u00d718. Au\u00dfenma\u00dfe: 81\u00d722 mm (BxH). Tasche mit 10 Taschen.<\/p>","protected":false},"excerpt":{"rendered":"<p>Selbstklebende Tasche mit \u00d6ffnung an einer kurzen Seite. F\u00fcr Etiketten im Format 75\u00d718.<\/p>","protected":false},"featured_media":135401,"template":"","meta":{"_acf_changed":false},"product_brand":[],"product_cat":[4252],"product_tag":[4376],"class_list":{"0":"post-116301","1":"product","2":"type-product","3":"status-publish","4":"has-post-thumbnail","6":"product_cat-sjalvhaftande-fickor","7":"product_tag-transparent","8":"product_shipping_class-tunga-paket","9":"pa_brands-durable","10":"pa_farg-transparent","11":"tm-no-options","13":"first","14":"instock","15":"sale","16":"taxable","17":"shipping-taxable","18":"purchasable","19":"product-type-simple"},"acf":[],"_links":{"self":[{"href":"https:\/\/secureus.se\/de\/wp-json\/wp\/v2\/product\/116301","targetHints":{"allow":["GET"]}}],"collection":[{"href":"https:\/\/secureus.se\/de\/wp-json\/wp\/v2\/product"}],"about":[{"href":"https:\/\/secureus.se\/de\/wp-json\/wp\/v2\/types\/product"}],"wp:featuredmedia":[{"embeddable":true,"href":"https:\/\/secureus.se\/de\/wp-json\/wp\/v2\/media\/135401"}],"wp:attachment":[{"href":"https:\/\/secureus.se\/de\/wp-json\/wp\/v2\/media?parent=116301"}],"wp:term":[{"taxonomy":"product_brand","embeddable":true,"href":"https:\/\/secureus.se\/de\/wp-json\/wp\/v2\/product_brand?post=116301"},{"taxonomy":"product_cat","embeddable":true,"href":"https:\/\/secureus.se\/de\/wp-json\/wp\/v2\/product_cat?post=116301"},{"taxonomy":"product_tag","embeddable":true,"href":"https:\/\/secureus.se\/de\/wp-json\/wp\/v2\/product_tag?post=116301"}],"curies":[{"name":"wp","href":"https:\/\/api.w.org\/{rel}","templated":true}]}}