{"id":116431,"date":"2024-12-07T15:21:12","date_gmt":"2024-12-07T14:21:12","guid":{"rendered":"https:\/\/secureus.se\/?post_type=product&#038;p=116431"},"modified":"2026-01-12T12:08:46","modified_gmt":"2026-01-12T11:08:46","slug":"vaggtavla-key-board-for-24-nyckelbrickor","status":"publish","type":"product","link":"https:\/\/secureus.se\/de\/vaggtavla-key-board-for-24-nyckelbrickor\/","title":{"rendered":"Wandboard KEY BOARD f\u00fcr 24 Schl\u00fcsselanh\u00e4nger"},"content":{"rendered":"<p>Wandtafel zum Sammeln und Aufbewahren von maximal 24 Schl\u00fcsseln mit nummerierten Schl\u00fcsselleisten. Im Lieferumfang ist ein Set mit 6 Schl\u00fcsselanh\u00e4ngern in den Farben Rot, Gelb, Blau und Schwarz sowie Schrauben und D\u00fcbeln zur Wandmontage enthalten. Abmessungen: 21\u00d736,5 cm BxH. Vorlagen zum Drucken von Etiketten f\u00fcr die Schl\u00fcsselanh\u00e4nger k\u00f6nnen unter https:\/\/www.durable.se\/service\/ladda-ner\/mallar.html heruntergeladen werden. <\/p>","protected":false},"excerpt":{"rendered":"<p>Wandtafel zur Aufbewahrung von 24 Schl\u00fcsseln.<\/p>","protected":false},"featured_media":135303,"template":"","meta":{"_acf_changed":false},"product_brand":[],"product_cat":[1932],"product_tag":[4393],"class_list":{"0":"post-116431","1":"product","2":"type-product","3":"status-publish","4":"has-post-thumbnail","6":"product_cat-nyckelgomma-nyckelbox","7":"product_tag-gra","8":"product_shipping_class-tunga-paket","9":"pa_brands-durable","10":"pa_farg-gra","11":"tm-no-options","13":"first","14":"instock","15":"sale","16":"taxable","17":"shipping-taxable","18":"purchasable","19":"product-type-simple"},"acf":[],"_links":{"self":[{"href":"https:\/\/secureus.se\/de\/wp-json\/wp\/v2\/product\/116431","targetHints":{"allow":["GET"]}}],"collection":[{"href":"https:\/\/secureus.se\/de\/wp-json\/wp\/v2\/product"}],"about":[{"href":"https:\/\/secureus.se\/de\/wp-json\/wp\/v2\/types\/product"}],"wp:featuredmedia":[{"embeddable":true,"href":"https:\/\/secureus.se\/de\/wp-json\/wp\/v2\/media\/135303"}],"wp:attachment":[{"href":"https:\/\/secureus.se\/de\/wp-json\/wp\/v2\/media?parent=116431"}],"wp:term":[{"taxonomy":"product_brand","embeddable":true,"href":"https:\/\/secureus.se\/de\/wp-json\/wp\/v2\/product_brand?post=116431"},{"taxonomy":"product_cat","embeddable":true,"href":"https:\/\/secureus.se\/de\/wp-json\/wp\/v2\/product_cat?post=116431"},{"taxonomy":"product_tag","embeddable":true,"href":"https:\/\/secureus.se\/de\/wp-json\/wp\/v2\/product_tag?post=116431"}],"curies":[{"name":"wp","href":"https:\/\/api.w.org\/{rel}","templated":true}]}}