{"id":116441,"date":"2024-11-05T16:59:47","date_gmt":"2024-11-05T15:59:47","guid":{"rendered":"https:\/\/secureus.se\/?post_type=product&#038;p=116441"},"modified":"2026-01-12T12:57:16","modified_gmt":"2026-01-12T11:57:16","slug":"rorskydd-p30","status":"publish","type":"product","link":"https:\/\/secureus.se\/de\/rorskydd-p30\/","title":{"rendered":"Rohrschutz P30"},"content":{"rendered":"<p>Warn- und Schutzprofile wie dieser Rohrschutz werden in der Industrie und anderen Innenr\u00e4umen eingesetzt, um Personen, Fahrzeuge und Einrichtungsgegenst\u00e4nde bei leichten Kollisionen zu sch\u00fctzen. Die schwarz-gelben Streifen warnen vor Rohren und Pfosten und der Polyurethanschaum, aus dem das Schutzprofil besteht, wirkt sto\u00dfd\u00e4mpfend. Die selbstklebende Rohrabdeckung wird mit einem scharfen Messer auf die gew\u00fcnschte L\u00e4nge zugeschnitten. Starke, selbstklebende Klebefl\u00e4che von guter Qualit\u00e4t, die unter anderem auf Metall, Holz, Pappe und Fliesen mit besten Ergebnissen bei einer Temperatur von 10-30\u00b0C haftet. Farbt\u00f6ne nach ASR A1.3 \u00e4hnlich RAL 1004\/9003 (Signalgelb\/Signalschwarz).<br \/>\nGepr\u00fcft nach Brandklasse DIN EN 13501-1 Klasse E.<br \/>\nTemperaturbest\u00e4ndig von -30\u00b0C \u2013 + 70\u00b0C.<br \/>\nL\u00e4nge 1 m. Das Profil hat eine Au\u00dfenbreite von 50 mm, eine Innenbreite von 30 mm. Dicke 10 mm<\/p>","protected":false},"excerpt":{"rendered":"<p>Selbstklebender Rohrschutz mit sto\u00dfd\u00e4mpfender Wirkung. Schwarz-gelbe Streifen warnen und machen auf m\u00f6gliche Gefahren aufmerksam.<\/p>","protected":false},"featured_media":136987,"template":"","meta":{"_acf_changed":false},"product_brand":[],"product_cat":[4239],"product_tag":[4386],"class_list":{"0":"post-116441","1":"product","2":"type-product","3":"status-publish","4":"has-post-thumbnail","6":"product_cat-varnings-skyddsprofiler","7":"product_tag-gul-svart","8":"product_shipping_class-tunga-paket","9":"pa_brands-durable","10":"pa_farg-gul-svart","11":"tm-no-options","13":"first","14":"instock","15":"sale","16":"taxable","17":"shipping-taxable","18":"purchasable","19":"product-type-simple"},"acf":[],"_links":{"self":[{"href":"https:\/\/secureus.se\/de\/wp-json\/wp\/v2\/product\/116441","targetHints":{"allow":["GET"]}}],"collection":[{"href":"https:\/\/secureus.se\/de\/wp-json\/wp\/v2\/product"}],"about":[{"href":"https:\/\/secureus.se\/de\/wp-json\/wp\/v2\/types\/product"}],"wp:featuredmedia":[{"embeddable":true,"href":"https:\/\/secureus.se\/de\/wp-json\/wp\/v2\/media\/136987"}],"wp:attachment":[{"href":"https:\/\/secureus.se\/de\/wp-json\/wp\/v2\/media?parent=116441"}],"wp:term":[{"taxonomy":"product_brand","embeddable":true,"href":"https:\/\/secureus.se\/de\/wp-json\/wp\/v2\/product_brand?post=116441"},{"taxonomy":"product_cat","embeddable":true,"href":"https:\/\/secureus.se\/de\/wp-json\/wp\/v2\/product_cat?post=116441"},{"taxonomy":"product_tag","embeddable":true,"href":"https:\/\/secureus.se\/de\/wp-json\/wp\/v2\/product_tag?post=116441"}],"curies":[{"name":"wp","href":"https:\/\/api.w.org\/{rel}","templated":true}]}}