{"id":116454,"date":"2024-12-07T15:21:12","date_gmt":"2024-12-07T14:21:12","guid":{"rendered":"https:\/\/secureus.se\/?post_type=product&#038;p=116454"},"modified":"2026-01-12T12:08:21","modified_gmt":"2026-01-12T11:08:21","slug":"nyckelskap-key-box-36-med-cylinderlas","status":"publish","type":"product","link":"https:\/\/secureus.se\/de\/nyckelskap-key-box-36-med-cylinderlas\/","title":{"rendered":"Schl\u00fcsselschrank KEY BOX 36 mit Zylinderschloss"},"content":{"rendered":"<p>Mit einem Schl\u00fcsselschrank entsteht ein nat\u00fcrlicher Ort zum Sammeln und Aufbewahren der Schl\u00fcssel, was f\u00fcr mehr Ordnung und Sicherheit sorgt. Die Designserie KEY BOX von Durable mit verschiedenen Schl\u00fcsselschr\u00e4nken besteht aus Aluminium mit \u00fcbersichtlichem Inhaltsverzeichnis auf der Innenseite der T\u00fcr. Die Schl\u00fcsselanh\u00e4nger sind speziell daf\u00fcr konzipiert, zwischen zwei Haken an der Schl\u00fcsselleiste eingeh\u00e4ngt zu werden, sodass die Markierung deutlich sichtbar ist und der Schl\u00fcssel hinter dem Schl\u00fcsselanh\u00e4nger h\u00e4ngt. Im Lieferumfang ist ein Set mit 6 Schl\u00fcsselanh\u00e4ngern in den Farben Rot, Gelb, Blau und Schwarz sowie Schrauben und D\u00fcbeln zur Montage enthalten. Vorlagen zum Drucken von Etiketten f\u00fcr die Schl\u00fcsselanh\u00e4nger und die Schl\u00fcsselliste k\u00f6nnen unter https:\/\/www.durable.se\/service\/ladda-ner\/mallar.html heruntergeladen werden. Dieser Schl\u00fcsselschrank verf\u00fcgt \u00fcber ein Zylinderschloss mit 2 Schl\u00fcsseln und bietet Platz f\u00fcr 36 Schl\u00fcssel. Die vordere Tastatur kann mit weiteren Schl\u00fcsselleisten auf der R\u00fcckseite erg\u00e4nzt werden, um mehr Schl\u00fcssel unterzubringen. Abmessungen: 28x30x12cm HxBxT<br \/>\nZubeh\u00f6r: Extra Schl\u00fcsselanh\u00e4nger Artikelnummer 1957 in verschiedenen Farben. <\/p>","protected":false},"excerpt":{"rendered":"<p>Schl\u00fcsselkasten aus Aluminium zur Aufbewahrung von 36 Schl\u00fcsseln.<\/p>","protected":false},"featured_media":135319,"template":"","meta":{"_acf_changed":false},"product_brand":[],"product_cat":[1932],"product_tag":[4382],"class_list":{"0":"post-116454","1":"product","2":"type-product","3":"status-publish","4":"has-post-thumbnail","6":"product_cat-nyckelgomma-nyckelbox","7":"product_tag-silver","8":"product_shipping_class-tunga-paket","9":"pa_brands-durable","10":"pa_farg-silver","11":"tm-no-options","13":"first","14":"instock","15":"sale","16":"taxable","17":"shipping-taxable","18":"purchasable","19":"product-type-simple"},"acf":[],"_links":{"self":[{"href":"https:\/\/secureus.se\/de\/wp-json\/wp\/v2\/product\/116454","targetHints":{"allow":["GET"]}}],"collection":[{"href":"https:\/\/secureus.se\/de\/wp-json\/wp\/v2\/product"}],"about":[{"href":"https:\/\/secureus.se\/de\/wp-json\/wp\/v2\/types\/product"}],"wp:featuredmedia":[{"embeddable":true,"href":"https:\/\/secureus.se\/de\/wp-json\/wp\/v2\/media\/135319"}],"wp:attachment":[{"href":"https:\/\/secureus.se\/de\/wp-json\/wp\/v2\/media?parent=116454"}],"wp:term":[{"taxonomy":"product_brand","embeddable":true,"href":"https:\/\/secureus.se\/de\/wp-json\/wp\/v2\/product_brand?post=116454"},{"taxonomy":"product_cat","embeddable":true,"href":"https:\/\/secureus.se\/de\/wp-json\/wp\/v2\/product_cat?post=116454"},{"taxonomy":"product_tag","embeddable":true,"href":"https:\/\/secureus.se\/de\/wp-json\/wp\/v2\/product_tag?post=116454"}],"curies":[{"name":"wp","href":"https:\/\/api.w.org\/{rel}","templated":true}]}}