{"id":116457,"date":"2024-11-05T17:18:42","date_gmt":"2024-11-05T16:18:42","guid":{"rendered":"https:\/\/secureus.se\/?post_type=product&#038;p=116457"},"modified":"2026-01-12T12:12:48","modified_gmt":"2026-01-12T11:12:48","slug":"skrivplatta-a4","status":"publish","type":"product","link":"https:\/\/secureus.se\/de\/skrivplatta-a4\/","title":{"rendered":"Schreibblock A4"},"content":{"rendered":"<p>Schreibblock aus kunststoffbeschichtetem, stabilem Karton. Stabile Klemme an der Oberkante h\u00e4lt Bl\u00f6cke oder Dokumente an Ort und Stelle. Zus\u00e4tzliche Tasche zum Aufbewahren loser Papiere\/Dokumente oder zum Herunterdr\u00fccken der R\u00fcckseite des Blocks.<\/p>","protected":false},"excerpt":{"rendered":"<p>Schreibblock f\u00fcr Format A4.<\/p>","protected":false},"featured_media":136364,"template":"","meta":{"_acf_changed":false},"product_brand":[],"product_cat":[4206,4313],"product_tag":[4381],"class_list":{"0":"post-116457","1":"product","2":"type-product","3":"status-publish","4":"has-post-thumbnail","6":"product_cat-kontor-lager","7":"product_cat-skrivplattor","8":"product_tag-svart","9":"product_shipping_class-tunga-paket","10":"pa_brands-durable","11":"pa_farg-svart","12":"tm-no-options","14":"first","15":"instock","16":"sale","17":"taxable","18":"shipping-taxable","19":"purchasable","20":"product-type-simple"},"acf":[],"_links":{"self":[{"href":"https:\/\/secureus.se\/de\/wp-json\/wp\/v2\/product\/116457","targetHints":{"allow":["GET"]}}],"collection":[{"href":"https:\/\/secureus.se\/de\/wp-json\/wp\/v2\/product"}],"about":[{"href":"https:\/\/secureus.se\/de\/wp-json\/wp\/v2\/types\/product"}],"wp:featuredmedia":[{"embeddable":true,"href":"https:\/\/secureus.se\/de\/wp-json\/wp\/v2\/media\/136364"}],"wp:attachment":[{"href":"https:\/\/secureus.se\/de\/wp-json\/wp\/v2\/media?parent=116457"}],"wp:term":[{"taxonomy":"product_brand","embeddable":true,"href":"https:\/\/secureus.se\/de\/wp-json\/wp\/v2\/product_brand?post=116457"},{"taxonomy":"product_cat","embeddable":true,"href":"https:\/\/secureus.se\/de\/wp-json\/wp\/v2\/product_cat?post=116457"},{"taxonomy":"product_tag","embeddable":true,"href":"https:\/\/secureus.se\/de\/wp-json\/wp\/v2\/product_tag?post=116457"}],"curies":[{"name":"wp","href":"https:\/\/api.w.org\/{rel}","templated":true}]}}