{"id":116536,"date":"2024-11-05T17:16:45","date_gmt":"2024-11-05T16:16:45","guid":{"rendered":"https:\/\/secureus.se\/?post_type=product&#038;p=116536"},"modified":"2026-01-12T12:33:47","modified_gmt":"2026-01-12T11:33:47","slug":"skarmhallare-pro-for-2-skarmar-bordsfaste","status":"publish","type":"product","link":"https:\/\/secureus.se\/de\/skarmhallare-pro-for-2-skarmar-bordsfaste\/","title":{"rendered":"Bildschirmhalter PRO f\u00fcr 2 Bildschirme, Tischmontage"},"content":{"rendered":"<p>Die langlebigen, einfach zu bedienenden Bildschirmhalter (auch Monitorarme genannt) von guter Qualit\u00e4t schaffen Platz auf dem Schreibtisch und sorgen f\u00fcr eine gute Arbeitsergonomie. Dank des zeitlosen und eleganten Designs machen sie sich in vielen verschiedenen Umgebungen gut. Gedacht f\u00fcr Bildschirme mit einem Format von 21 \u2013 28 Zoll und einem Gewicht von 3-8 kg, die f\u00fcr die VESA-Montage 75 x 75 mm oder 100 x 100 mm vorbereitet sind. Der Monitor wird einfach in die zum Patent angemeldete Schnellhalterung eingeklickt. Die Bildschirmhalter sind flexibel, da sie drehbar sind, um den Bildschirm im Hoch- oder Querformat zu positionieren, und f\u00fcr einen guten Lesewinkel geneigt werden k\u00f6nnen. Hergestellt aus ausgew\u00e4hlten Premium-Materialien f\u00fcr eine lange Lebensdauer \u2013 Aluminium, Metall und hochwertiger Kunststoff von bis zu 60 % aus recycelten Materialien. Durch die Recyclingf\u00e4higkeit von bis zu 100 % sind diese Siebhalter umweltfreundlich gem\u00e4\u00df ISO 14021. Die Herstellung erfolgt in der Produktionsst\u00e4tte von DURABLE in Deutschland. 10 Jahre Garantie. Der Antrag auf Zulassung dieser Bildschirmhalter mit dem Sicherheitszeichen GS (gepr\u00fcfte Sicherheit), das K\u00e4ufern, H\u00e4ndlern und Endverbrauchern die Garantie gibt, dass das Produkt den neuesten Sicherheitsanforderungen entspricht, wurde eingereicht, ebenso wie der Antrag auf T\u00dcV-Zertifizierung eine anerkannte deutsche Produktsicherheits- und Qualit\u00e4tszertifizierung.<\/p>\n<p>Doppelter Bildschirmhalter mit vertikalem Tischst\u00e4nder und einem Querarm mit zwei verschiebbaren Halterungen. Die Bildschirmhalterungen sind in der gew\u00e4hlten Position arretierbar und werden bei der H\u00f6henverstellung der Bildschirme sicher fixiert. Der Querarm ist h\u00f6henverstellbar von 50-340 mm. Im Lieferumfang sind f\u00fcnf Kabelklemmen enthalten, die beliebig platziert werden k\u00f6nnen \u2013 um die Kabel organisiert zu halten. Die Bildschirme k\u00f6nnen individuell um 110 - 85\u00b0 nach oben und 25\u00b0 nach unten geneigt werden. Einfache Montage: Tischhalterung f\u00fcr Tischplatten von 14 bis 44 mm und verschraubt mit Inbusschl\u00fcssel im Lieferumfang enthalten. Abmessungen: 345 x 470 x 120 mm (B x H x T)<\/p>\n<p>Lesen Sie mehr \u00fcber die GS-Kennzeichnung: https:\/\/www.handelskammer.se\/vara-tjanster\/miljorapportering\/symbolguiden\/geprufte-sicherheit-provad-sakerhet<br \/>\nLesen Sie mehr \u00fcber die T\u00dcV-Zertifizierung: https:\/\/www.handelskammer.se\/vara-tjanster\/miljorapportering\/symbolguiden\/tuv-technischer-uberwachungsverein<br \/>\nDie Garantiebedingungen finden Sie hier: https:\/\/www.durable.se\/sv_SE\/service\/garanti\/garanti-foer-skaermhaallare\/<\/p>","protected":false},"excerpt":{"rendered":"<p>Bildschirmhalter f\u00fcr zwei Bildschirme mit einstellbarer H\u00f6he, Winkel und M\u00f6glichkeit der Hoch- oder Querformatposition. Mit Tischhalterung.<\/p>","protected":false},"featured_media":135693,"template":"","meta":{"_acf_changed":false},"product_brand":[],"product_cat":[4243],"product_tag":[4382],"class_list":{"0":"post-116536","1":"product","2":"type-product","3":"status-publish","4":"has-post-thumbnail","6":"product_cat-skarmhallare","7":"product_tag-silver","8":"product_shipping_class-tunga-paket","9":"pa_brands-durable","10":"pa_farg-silver","11":"tm-no-options","13":"first","14":"instock","15":"sale","16":"taxable","17":"shipping-taxable","18":"purchasable","19":"product-type-simple"},"acf":[],"_links":{"self":[{"href":"https:\/\/secureus.se\/de\/wp-json\/wp\/v2\/product\/116536","targetHints":{"allow":["GET"]}}],"collection":[{"href":"https:\/\/secureus.se\/de\/wp-json\/wp\/v2\/product"}],"about":[{"href":"https:\/\/secureus.se\/de\/wp-json\/wp\/v2\/types\/product"}],"wp:featuredmedia":[{"embeddable":true,"href":"https:\/\/secureus.se\/de\/wp-json\/wp\/v2\/media\/135693"}],"wp:attachment":[{"href":"https:\/\/secureus.se\/de\/wp-json\/wp\/v2\/media?parent=116536"}],"wp:term":[{"taxonomy":"product_brand","embeddable":true,"href":"https:\/\/secureus.se\/de\/wp-json\/wp\/v2\/product_brand?post=116536"},{"taxonomy":"product_cat","embeddable":true,"href":"https:\/\/secureus.se\/de\/wp-json\/wp\/v2\/product_cat?post=116536"},{"taxonomy":"product_tag","embeddable":true,"href":"https:\/\/secureus.se\/de\/wp-json\/wp\/v2\/product_tag?post=116536"}],"curies":[{"name":"wp","href":"https:\/\/api.w.org\/{rel}","templated":true}]}}