{"id":116571,"date":"2024-11-05T17:16:12","date_gmt":"2024-11-05T16:16:12","guid":{"rendered":"https:\/\/secureus.se\/?post_type=product&#038;p=116571"},"modified":"2026-01-12T12:34:01","modified_gmt":"2026-01-12T11:34:01","slug":"skarmhallare-pro-med-arm-for-1-skarm-vaggfaste","status":"publish","type":"product","link":"https:\/\/secureus.se\/de\/skarmhallare-pro-med-arm-for-1-skarm-vaggfaste\/","title":{"rendered":"Bildschirmhalter PRO mit Arm f\u00fcr 1 Bildschirm, Wandmontage"},"content":{"rendered":"<p>Die benutzerfreundlichen Monitorhalter und Wandhalterungen von Durable f\u00fcr hochwertige Computermonitore schaffen Platz auf dem Schreibtisch und sorgen f\u00fcr eine gute Arbeitsergonomie. Dank des zeitlosen und eleganten Designs machen sie sich in vielen verschiedenen Umgebungen gut. Gedacht f\u00fcr Bildschirme mit einem Format von 21 \u2013 28 Zoll und einem Gewicht von 3-8 kg, die f\u00fcr die VESA-Montage 75 x 75 mm oder 100 x 100 mm vorbereitet sind. Der Monitor wird einfach in die zum Patent angemeldete Schnellhalterung eingeklickt. Die Wandhalterungen sind flexibel, da sie drehbar sind, um den Bildschirm im Hoch- oder Querformat zu positionieren und f\u00fcr einen guten Lesewinkel anzuwinkeln. Hergestellt aus ausgew\u00e4hlten Premium-Materialien f\u00fcr eine lange Lebensdauer \u2013 Aluminium, Metall und hochwertiger Kunststoff von bis zu 60 % aus recycelten Materialien. Durch die Recyclingf\u00e4higkeit von bis zu 100 % sind diese Siebhalter umweltfreundlich gem\u00e4\u00df ISO 14021. Die Herstellung erfolgt in der Produktionsst\u00e4tte von DURABLE in Deutschland. 10 Jahre Garantie. Der Antrag auf Zulassung dieser Bildschirmhalter mit dem Sicherheitszeichen GS (gepr\u00fcfte Sicherheit), das K\u00e4ufern, H\u00e4ndlern und Endverbrauchern die Garantie gibt, dass das Produkt den neuesten Sicherheitsanforderungen entspricht, wurde eingereicht, ebenso wie der Antrag auf T\u00dcV-Zertifizierung eine anerkannte deutsche Produktsicherheits- und Qualit\u00e4tszertifizierung.<\/p>\n<p>Diese Bildschirmwandhalterung ist auch f\u00fcr gebogene Bildschirme bis 38 Zoll geeignet. Im Lieferumfang sind drei Kabelclips enthalten, die individuell dort platziert werden k\u00f6nnen, wo es Ihnen passt \u2013 um die Kabel organisiert zu halten. Der Bildschirm l\u00e4sst sich um 110 - 85\u00b0 nach oben und 25\u00b0 nach unten neigen, der untere Arm der Wandhalterung ist maximal 200\u00b0 schwenkbar, der obere Arm maximal 360\u00b0. Die H\u00f6he des Oberarms kann zwischen 20 und 130 mm eingestellt werden. Schraube und D\u00fcbel zur Wandmontage sind im Lieferumfang enthalten. Abmessungen: 290 x 350 x 120 mm (B x H x T)<\/p>\n<p>Lesen Sie mehr \u00fcber die GS-Kennzeichnung: https:\/\/www.handelskammer.se\/vara-tjanster\/miljorapportering\/symbolguiden\/geprufte-sicherheit-provad-sakerhet<br \/>\nLesen Sie mehr \u00fcber die T\u00dcV-Zertifizierung: https:\/\/www.handelskammer.se\/vara-tjanster\/miljorapportering\/symbolguiden\/tuv-technischer-uberwachungsverein<br \/>\nDie Garantiebedingungen finden Sie hier: https:\/\/www.durable.se\/sv_SE\/service\/garanti\/garanti-foer-skaermhaallare\/<\/p>","protected":false},"excerpt":{"rendered":"<p>Wandhalterung f\u00fcr Computermonitor. Leichtg\u00e4ngige und komfortable Verstellung des Bildschirms dank Gasfederarm.<\/p>","protected":false},"featured_media":135329,"template":"","meta":{"_acf_changed":false},"product_brand":[],"product_cat":[4243],"product_tag":[4382],"class_list":{"0":"post-116571","1":"product","2":"type-product","3":"status-publish","4":"has-post-thumbnail","6":"product_cat-skarmhallare","7":"product_tag-silver","8":"product_shipping_class-tunga-paket","9":"pa_brands-durable","10":"pa_farg-silver","11":"tm-no-options","13":"first","14":"instock","15":"sale","16":"taxable","17":"shipping-taxable","18":"purchasable","19":"product-type-simple"},"acf":[],"_links":{"self":[{"href":"https:\/\/secureus.se\/de\/wp-json\/wp\/v2\/product\/116571","targetHints":{"allow":["GET"]}}],"collection":[{"href":"https:\/\/secureus.se\/de\/wp-json\/wp\/v2\/product"}],"about":[{"href":"https:\/\/secureus.se\/de\/wp-json\/wp\/v2\/types\/product"}],"wp:featuredmedia":[{"embeddable":true,"href":"https:\/\/secureus.se\/de\/wp-json\/wp\/v2\/media\/135329"}],"wp:attachment":[{"href":"https:\/\/secureus.se\/de\/wp-json\/wp\/v2\/media?parent=116571"}],"wp:term":[{"taxonomy":"product_brand","embeddable":true,"href":"https:\/\/secureus.se\/de\/wp-json\/wp\/v2\/product_brand?post=116571"},{"taxonomy":"product_cat","embeddable":true,"href":"https:\/\/secureus.se\/de\/wp-json\/wp\/v2\/product_cat?post=116571"},{"taxonomy":"product_tag","embeddable":true,"href":"https:\/\/secureus.se\/de\/wp-json\/wp\/v2\/product_tag?post=116571"}],"curies":[{"name":"wp","href":"https:\/\/api.w.org\/{rel}","templated":true}]}}