{"id":116683,"date":"2024-11-05T17:13:27","date_gmt":"2024-11-05T16:13:27","guid":{"rendered":"https:\/\/secureus.se\/?post_type=product&#038;p=116683"},"modified":"2026-01-12T12:55:22","modified_gmt":"2026-01-12T11:55:22","slug":"tablet-holder-table-xl","status":"publish","type":"product","link":"https:\/\/secureus.se\/de\/tablet-holder-table-xl\/","title":{"rendered":"TABLETHALTER TISCH XL"},"content":{"rendered":"<p>Tablet-Halter im stilvollen und funktionalen Design f\u00fcr Tablets in den Gr\u00f6\u00dfen 7&quot;-13&quot; (160-275 mm). F\u00fcr den Einsatz in der Industrie, im Lager und im Transportbereich, wo Tablets mit einer Schutzh\u00fclle oder einem Cover verwendet werden. Stabiler und stabiler Tischst\u00e4nder, der stufenlos von 0\u00b0 bis 88\u00b0 geneigt werden kann. Die Halterung, f\u00fcr Tablets ohne oder mit H\u00fclle bis 23 mm Dicke, ist um 360\u00b0 drehbar mit vier Rastpositionen alle 90\u00b0, f\u00fcr den Einsatz im Hoch- oder Querformat. Das Tablet l\u00e4sst sich einfach aus der Halterung entnehmen und f\u00fcr digitale Kontrollen, Prozesse und Analysen mitnehmen. Der Anschluss des Ladekabels erfolgt durch eine \u00d6ffnung in der Halterung.<br \/>\nMaximales Gewicht f\u00fcr das Tablet 1 kg.<br \/>\nMaterialien: Blech, Aluminium, ABS-Kunststoff<br \/>\nAbmessungen: 155 x 242 x 183 mm (B x H x T)<\/p>","protected":false},"excerpt":{"rendered":"<p>Tablet-Halter f\u00fcr Tablets mit einer Schutzh\u00fclle mit einer Dicke von bis zu 23 mm. Tischst\u00e4nder f\u00fcr den Einsatz in Umgebungen, in denen die Tablets mit einer Schutzh\u00fclle oder H\u00fclle verwendet werden, z. B. in Produktionsanlagen, in Lagerhallen und im Transportbereich.<\/p>","protected":false},"featured_media":136563,"template":"","meta":{"_acf_changed":false},"product_brand":[],"product_cat":[4236],"product_tag":[4382],"class_list":{"0":"post-116683","1":"product","2":"type-product","3":"status-publish","4":"has-post-thumbnail","6":"product_cat-surfplattehallare","7":"product_tag-silver","8":"product_shipping_class-tunga-paket","9":"pa_brands-durable","10":"pa_farg-silver","11":"tm-no-options","13":"first","14":"instock","15":"sale","16":"taxable","17":"shipping-taxable","18":"purchasable","19":"product-type-simple"},"acf":[],"_links":{"self":[{"href":"https:\/\/secureus.se\/de\/wp-json\/wp\/v2\/product\/116683","targetHints":{"allow":["GET"]}}],"collection":[{"href":"https:\/\/secureus.se\/de\/wp-json\/wp\/v2\/product"}],"about":[{"href":"https:\/\/secureus.se\/de\/wp-json\/wp\/v2\/types\/product"}],"wp:featuredmedia":[{"embeddable":true,"href":"https:\/\/secureus.se\/de\/wp-json\/wp\/v2\/media\/136563"}],"wp:attachment":[{"href":"https:\/\/secureus.se\/de\/wp-json\/wp\/v2\/media?parent=116683"}],"wp:term":[{"taxonomy":"product_brand","embeddable":true,"href":"https:\/\/secureus.se\/de\/wp-json\/wp\/v2\/product_brand?post=116683"},{"taxonomy":"product_cat","embeddable":true,"href":"https:\/\/secureus.se\/de\/wp-json\/wp\/v2\/product_cat?post=116683"},{"taxonomy":"product_tag","embeddable":true,"href":"https:\/\/secureus.se\/de\/wp-json\/wp\/v2\/product_tag?post=116683"}],"curies":[{"name":"wp","href":"https:\/\/api.w.org\/{rel}","templated":true}]}}