{"id":116685,"date":"2024-11-05T17:02:24","date_gmt":"2024-11-05T16:02:24","guid":{"rendered":"https:\/\/secureus.se\/?post_type=product&#038;p=116685"},"modified":"2026-01-12T12:04:31","modified_gmt":"2026-01-12T11:04:31","slug":"varseldekal-forbjudet-for-gaende","status":"publish","type":"product","link":"https:\/\/secureus.se\/de\/varseldekal-forbjudet-for-gaende\/","title":{"rendered":"Warnaufkleber \u201eF\u00fcr Fu\u00dfg\u00e4nger verboten\u201c"},"content":{"rendered":"<p>Der selbstklebende gro\u00dfe Bodenaufkleber \u201eFu\u00dfg\u00e4ngerverbot\u201c informiert Besucher und Mitarbeiter deutlich \u00fcber das geltende Fu\u00dfg\u00e4ngerverbot und schafft ein sichereres Arbeitsumfeld mit reduziertem Unfallrisiko. Wird auf sauberen und trockenen Betonb\u00f6den befestigt. Strapazierf\u00e4hig und langlebig mit Rutschhemmung R9 nach DIN 51130. Die Schilder erf\u00fcllen die Anforderungen der ISO 7010.<br \/>\nAbmessungen: \u00d8 430 mm, Dicke 0,4 mm<\/p>","protected":false},"excerpt":{"rendered":"<p>Selbstklebendes Verbotsschild zur Bodenanbringung. Weist deutlich darauf hin, dass das Betreten des Bereichs nicht gestattet ist, und tr\u00e4gt zur Erh\u00f6hung der Sicherheit und des Risikobewusstseins bei.<\/p>","protected":false},"featured_media":136927,"template":"","meta":{"_acf_changed":false},"product_brand":[],"product_cat":[4307],"product_tag":[4389],"class_list":{"0":"post-116685","1":"product","2":"type-product","3":"status-publish","4":"has-post-thumbnail","6":"product_cat-sakerhetsmarkning","7":"product_tag-rod","8":"product_shipping_class-tunga-paket","9":"pa_brands-durable","10":"pa_farg-rod","11":"tm-no-options","13":"first","14":"instock","15":"sale","16":"taxable","17":"shipping-taxable","18":"purchasable","19":"product-type-simple"},"acf":[],"_links":{"self":[{"href":"https:\/\/secureus.se\/de\/wp-json\/wp\/v2\/product\/116685","targetHints":{"allow":["GET"]}}],"collection":[{"href":"https:\/\/secureus.se\/de\/wp-json\/wp\/v2\/product"}],"about":[{"href":"https:\/\/secureus.se\/de\/wp-json\/wp\/v2\/types\/product"}],"wp:featuredmedia":[{"embeddable":true,"href":"https:\/\/secureus.se\/de\/wp-json\/wp\/v2\/media\/136927"}],"wp:attachment":[{"href":"https:\/\/secureus.se\/de\/wp-json\/wp\/v2\/media?parent=116685"}],"wp:term":[{"taxonomy":"product_brand","embeddable":true,"href":"https:\/\/secureus.se\/de\/wp-json\/wp\/v2\/product_brand?post=116685"},{"taxonomy":"product_cat","embeddable":true,"href":"https:\/\/secureus.se\/de\/wp-json\/wp\/v2\/product_cat?post=116685"},{"taxonomy":"product_tag","embeddable":true,"href":"https:\/\/secureus.se\/de\/wp-json\/wp\/v2\/product_tag?post=116685"}],"curies":[{"name":"wp","href":"https:\/\/api.w.org\/{rel}","templated":true}]}}