{"id":116717,"date":"2024-11-05T17:01:48","date_gmt":"2024-11-05T16:01:48","guid":{"rendered":"https:\/\/secureus.se\/?post_type=product&#038;p=116717"},"modified":"2026-02-02T14:41:49","modified_gmt":"2026-02-02T13:41:49","slug":"varseldekal-varning-for-truckar","status":"publish","type":"product","link":"https:\/\/secureus.se\/de\/varseldekal-varning-for-truckar\/","title":{"rendered":"Warnaufkleber \u201eWarnung vor Gabelstaplern\u201c"},"content":{"rendered":"<p>Der selbstklebende gro\u00dfe Bodenaufkleber \u201eWarnung vor LKW\u201c weist Besucher und Personal deutlich darauf hin, bei der Bewegung im Bereich aufmerksam aufzupassen, um das Unfallrisiko zu verringern. Wird auf sauberen und trockenen Betonb\u00f6den befestigt. Strapazierf\u00e4hig und langlebig mit Rutschhemmung R9 nach DIN 51130. Die Schilder erf\u00fcllen die Anforderungen der ISO 7010.<br \/>\nAbmessungen: \u00d8 430 mm, Dicke 0,4 mm<\/p>","protected":false},"excerpt":{"rendered":"<p>Selbstklebendes Warnschild zur Bodenanbringung. Warnt Besucher und Mitarbeiter deutlich, auf den LKW-Verkehr zu achten, um eine sicherere Arbeitsumgebung zu gew\u00e4hrleisten.<\/p>","protected":false},"featured_media":136012,"template":"","meta":{"_acf_changed":false},"product_brand":[],"product_cat":[4307],"product_tag":[4395],"class_list":{"0":"post-116717","1":"product","2":"type-product","3":"status-publish","4":"has-post-thumbnail","6":"product_cat-sakerhetsmarkning","7":"product_tag-gul","8":"product_shipping_class-tunga-paket","9":"pa_brands-durable","10":"pa_farg-gul","11":"tm-no-options","13":"first","14":"instock","15":"sale","16":"taxable","17":"shipping-taxable","18":"purchasable","19":"product-type-simple"},"acf":[],"_links":{"self":[{"href":"https:\/\/secureus.se\/de\/wp-json\/wp\/v2\/product\/116717","targetHints":{"allow":["GET"]}}],"collection":[{"href":"https:\/\/secureus.se\/de\/wp-json\/wp\/v2\/product"}],"about":[{"href":"https:\/\/secureus.se\/de\/wp-json\/wp\/v2\/types\/product"}],"wp:featuredmedia":[{"embeddable":true,"href":"https:\/\/secureus.se\/de\/wp-json\/wp\/v2\/media\/136012"}],"wp:attachment":[{"href":"https:\/\/secureus.se\/de\/wp-json\/wp\/v2\/media?parent=116717"}],"wp:term":[{"taxonomy":"product_brand","embeddable":true,"href":"https:\/\/secureus.se\/de\/wp-json\/wp\/v2\/product_brand?post=116717"},{"taxonomy":"product_cat","embeddable":true,"href":"https:\/\/secureus.se\/de\/wp-json\/wp\/v2\/product_cat?post=116717"},{"taxonomy":"product_tag","embeddable":true,"href":"https:\/\/secureus.se\/de\/wp-json\/wp\/v2\/product_tag?post=116717"}],"curies":[{"name":"wp","href":"https:\/\/api.w.org\/{rel}","templated":true}]}}