{"id":116770,"date":"2024-11-05T17:00:03","date_gmt":"2024-11-05T16:00:03","guid":{"rendered":"https:\/\/secureus.se\/?post_type=product&#038;p=116770"},"modified":"2026-01-12T12:55:39","modified_gmt":"2026-01-12T11:55:39","slug":"vaggskydd-s20","status":"publish","type":"product","link":"https:\/\/secureus.se\/de\/vaggskydd-s20\/","title":{"rendered":"Wandschutz S20"},"content":{"rendered":"<p>Warn- und Schutzprofile wie dieser Wandschutz werden in der Industrie und anderen Innenr\u00e4umen eingesetzt, um Personen, Fahrzeuge und Einrichtungsgegenst\u00e4nde bei leichten Kollisionen zu sch\u00fctzen. Die schwarz-gelben Streifen warnen vor hervorstehenden Fl\u00e4chen und der Polyurethanschaum, aus dem das Schutzprofil besteht, wirkt sto\u00dfd\u00e4mpfend. Der selbstklebende Wandschutz wird mit einem scharfen Messer auf die gew\u00fcnschte L\u00e4nge zugeschnitten. Starke, selbstklebende Klebefl\u00e4che von guter Qualit\u00e4t, die unter anderem auf Metall, Holz, Pappe und Fliesen mit besten Ergebnissen bei einer Temperatur von 10-30\u00b0C haftet. Farbt\u00f6ne nach ASR A1.3 \u00e4hnlich RAL 1004\/9003 (Signalgelb\/Signalschwarz).<br \/>\nGepr\u00fcft nach Brandklasse DIN EN 13501-1 Klasse E.<br \/>\nTemperaturbest\u00e4ndig von -30\u00b0C \u2013 + 70\u00b0C.<br \/>\nL\u00e4nge 1 m. Das Profil ist 60 mm breit und 20 mm dick<\/p>","protected":false},"excerpt":{"rendered":"<p>Selbstklebender Wandschutz mit sto\u00dfd\u00e4mpfender Wirkung. Schwarz-gelbe Streifen warnen und machen auf m\u00f6gliche Gefahren aufmerksam.<\/p>","protected":false},"featured_media":136296,"template":"","meta":{"_acf_changed":false},"product_brand":[],"product_cat":[4239],"product_tag":[4386],"class_list":{"0":"post-116770","1":"product","2":"type-product","3":"status-publish","4":"has-post-thumbnail","6":"product_cat-varnings-skyddsprofiler","7":"product_tag-gul-svart","8":"product_shipping_class-tunga-paket","9":"pa_brands-durable","10":"pa_farg-gul-svart","11":"tm-no-options","13":"first","14":"instock","15":"sale","16":"taxable","17":"shipping-taxable","18":"purchasable","19":"product-type-simple"},"acf":[],"_links":{"self":[{"href":"https:\/\/secureus.se\/de\/wp-json\/wp\/v2\/product\/116770","targetHints":{"allow":["GET"]}}],"collection":[{"href":"https:\/\/secureus.se\/de\/wp-json\/wp\/v2\/product"}],"about":[{"href":"https:\/\/secureus.se\/de\/wp-json\/wp\/v2\/types\/product"}],"wp:featuredmedia":[{"embeddable":true,"href":"https:\/\/secureus.se\/de\/wp-json\/wp\/v2\/media\/136296"}],"wp:attachment":[{"href":"https:\/\/secureus.se\/de\/wp-json\/wp\/v2\/media?parent=116770"}],"wp:term":[{"taxonomy":"product_brand","embeddable":true,"href":"https:\/\/secureus.se\/de\/wp-json\/wp\/v2\/product_brand?post=116770"},{"taxonomy":"product_cat","embeddable":true,"href":"https:\/\/secureus.se\/de\/wp-json\/wp\/v2\/product_cat?post=116770"},{"taxonomy":"product_tag","embeddable":true,"href":"https:\/\/secureus.se\/de\/wp-json\/wp\/v2\/product_tag?post=116770"}],"curies":[{"name":"wp","href":"https:\/\/api.w.org\/{rel}","templated":true}]}}