{"id":116771,"date":"2024-11-05T17:25:42","date_gmt":"2024-11-05T16:25:42","guid":{"rendered":"https:\/\/secureus.se\/?post_type=product&#038;p=116771"},"modified":"2026-01-12T12:36:28","modified_gmt":"2026-01-12T11:36:28","slug":"sherpa-panel-pin-a4-2","status":"publish","type":"product","link":"https:\/\/secureus.se\/de\/sherpa-panel-pin-a4-2\/","title":{"rendered":"SHERPA\u00ae PANEL PIN A4"},"content":{"rendered":"<p>SHERPA\u00ae PANEL PIN sind entspiegelte, scanbare Taschen mit farbigem Rahmen f\u00fcr Dokumente im A4-Format wie Preislisten, Notizen etc., die gesch\u00fctzt in der Tasche aufbewahrt werden. Mit Spikes an der Platte zum Einsatz in \u00dcbersichtssystemen mit vorgebohrten L\u00f6chern. \u00d6ffnung oben zum Wechseln von Dokumenten. Aus Polypropylen-Kunststoff. Der Mindesteinkauf betr\u00e4gt eine Packung mit 5 Paneelen. 5 Jahre Garantie. Die Garantiebedingungen finden Sie hier: https:\/\/www.durable.se\/sv_SE\/service\/garanti\/garanti-foer-sherpa-vario\/<br \/>\nZubeh\u00f6r: Kopfhalter Artikelnummer 560919 oder 560319<\/p>","protected":false},"excerpt":{"rendered":"<p>Kunststofftasche mit farbigem Rahmen und integrierten Spikes. Geeignet f\u00fcr Tische und Wandst\u00e4nder, die L\u00f6cher f\u00fcr die Rahmen haben (andere Marken als DURABLE)<\/p>","protected":false},"featured_media":135308,"template":"","meta":{"_acf_changed":false},"product_brand":[],"product_cat":[4301],"product_tag":[4389],"class_list":{"0":"post-116771","1":"product","2":"type-product","3":"status-publish","4":"has-post-thumbnail","6":"product_cat-tillbehor-till-bladderpanelsystem","7":"product_tag-rod","8":"product_shipping_class-tunga-paket","9":"pa_brands-durable","10":"pa_farg-rod","11":"tm-no-options","13":"first","14":"instock","15":"sale","16":"taxable","17":"shipping-taxable","18":"purchasable","19":"product-type-simple"},"acf":[],"_links":{"self":[{"href":"https:\/\/secureus.se\/de\/wp-json\/wp\/v2\/product\/116771","targetHints":{"allow":["GET"]}}],"collection":[{"href":"https:\/\/secureus.se\/de\/wp-json\/wp\/v2\/product"}],"about":[{"href":"https:\/\/secureus.se\/de\/wp-json\/wp\/v2\/types\/product"}],"wp:featuredmedia":[{"embeddable":true,"href":"https:\/\/secureus.se\/de\/wp-json\/wp\/v2\/media\/135308"}],"wp:attachment":[{"href":"https:\/\/secureus.se\/de\/wp-json\/wp\/v2\/media?parent=116771"}],"wp:term":[{"taxonomy":"product_brand","embeddable":true,"href":"https:\/\/secureus.se\/de\/wp-json\/wp\/v2\/product_brand?post=116771"},{"taxonomy":"product_cat","embeddable":true,"href":"https:\/\/secureus.se\/de\/wp-json\/wp\/v2\/product_cat?post=116771"},{"taxonomy":"product_tag","embeddable":true,"href":"https:\/\/secureus.se\/de\/wp-json\/wp\/v2\/product_tag?post=116771"}],"curies":[{"name":"wp","href":"https:\/\/api.w.org\/{rel}","templated":true}]}}