{"id":116786,"date":"2024-11-20T14:11:39","date_gmt":"2024-11-20T13:11:39","guid":{"rendered":"https:\/\/secureus.se\/?post_type=product&#038;p=116786"},"modified":"2026-01-12T12:03:28","modified_gmt":"2026-01-12T11:03:28","slug":"magnetband-40-mm","status":"publish","type":"product","link":"https:\/\/secureus.se\/de\/magnetband-40-mm\/","title":{"rendered":"Magnetband 40 mm"},"content":{"rendered":"<p>Erstellen Sie Ihre eigenen Magnetetiketten in der Gr\u00f6\u00dfe, die Sie zum Markieren magnetischer Regalkanten, T\u00fcren und Schr\u00e4nke ben\u00f6tigen. Leicht zu transportieren, wenn Waren den Lagerort wechseln, um stets \u00fcber eine aktuelle Etikettierung zu verf\u00fcgen. Rolle mit 5 m magnetischem Markierungsband, das mit einer gro\u00dfen Schere auf die gew\u00fcnschte L\u00e4nge zugeschnitten werden kann. Beschriften Sie das Magnetband mit einem Permanentmarker.<br \/>\nAbmessungen: 40 mm x 5 m (H x B)<\/p>","protected":false},"excerpt":{"rendered":"<p>Magnetband auf Rolle. L\u00e4sst sich auf die gew\u00fcnschte L\u00e4nge zuschneiden und mit einem Permanentmarker beschriften. Schreibh\u00f6he 4 cm, L\u00e4nge 5 m<\/p>","protected":false},"featured_media":133613,"template":"","meta":{"_acf_changed":false},"product_brand":[],"product_cat":[4269],"product_tag":[4396],"class_list":{"0":"post-116786","1":"product","2":"type-product","3":"status-publish","4":"has-post-thumbnail","6":"product_cat-magnetisk-fastsattning","7":"product_tag-vit","8":"product_shipping_class-tunga-paket","9":"pa_brands-durable","10":"pa_farg-vit","11":"tm-no-options","13":"first","14":"instock","15":"sale","16":"taxable","17":"shipping-taxable","18":"purchasable","19":"product-type-simple"},"acf":[],"_links":{"self":[{"href":"https:\/\/secureus.se\/de\/wp-json\/wp\/v2\/product\/116786","targetHints":{"allow":["GET"]}}],"collection":[{"href":"https:\/\/secureus.se\/de\/wp-json\/wp\/v2\/product"}],"about":[{"href":"https:\/\/secureus.se\/de\/wp-json\/wp\/v2\/types\/product"}],"wp:featuredmedia":[{"embeddable":true,"href":"https:\/\/secureus.se\/de\/wp-json\/wp\/v2\/media\/133613"}],"wp:attachment":[{"href":"https:\/\/secureus.se\/de\/wp-json\/wp\/v2\/media?parent=116786"}],"wp:term":[{"taxonomy":"product_brand","embeddable":true,"href":"https:\/\/secureus.se\/de\/wp-json\/wp\/v2\/product_brand?post=116786"},{"taxonomy":"product_cat","embeddable":true,"href":"https:\/\/secureus.se\/de\/wp-json\/wp\/v2\/product_cat?post=116786"},{"taxonomy":"product_tag","embeddable":true,"href":"https:\/\/secureus.se\/de\/wp-json\/wp\/v2\/product_tag?post=116786"}],"curies":[{"name":"wp","href":"https:\/\/api.w.org\/{rel}","templated":true}]}}