{"id":116817,"date":"2024-11-05T16:58:48","date_gmt":"2024-11-05T15:58:48","guid":{"rendered":"https:\/\/secureus.se\/?post_type=product&#038;p=116817"},"modified":"2026-01-12T12:34:06","modified_gmt":"2026-01-12T11:34:06","slug":"skarmstativ-select-1-skarm-bordsfaste","status":"publish","type":"product","link":"https:\/\/secureus.se\/de\/skarmstativ-select-1-skarm-bordsfaste\/","title":{"rendered":"Bildschirmst\u00e4nder SELECT 1 Bildschirm, Tischmontage"},"content":{"rendered":"<p>Bildschirmst\u00e4nder f\u00fcr 1 Bildschirm, Tischmontage mittels Kabellochhalterung oder Tischhalterung.<br \/>\nH\u00f6he, Neigung und Position des Bildschirms k\u00f6nnen einfach angepasst werden, um ergonomisches Arbeiten zu erleichtern.<br \/>\nKann zur Verwendung im Hoch- oder Querformat um 360\u00b0 gedreht werden.<br \/>\nDer 3-gelenkige Arm kann auf 43 cm verl\u00e4ngert werden.<br \/>\nStufenlose H\u00f6henverstellung des Bildschirms auf einem 45 cm hohen Standfu\u00df<br \/>\nUniverselle VESA-Halterung (75 x 75 mm oder 100 x 100 mm)<br \/>\nF\u00fcr Standardbildschirme bis 27&quot; und max. 8 kg<br \/>\nKabelmanagement: Das Schirmkabel wird mit 3 Klemmen entlang des St\u00e4nders gef\u00fchrt, was vor Kabelbruch sch\u00fctzt.<\/p>","protected":false},"excerpt":{"rendered":"<p>Bildschirmst\u00e4nder SELECT mit Arm f\u00fcr 1 Bildschirm, Tischmontage<\/p>","protected":false},"featured_media":136312,"template":"","meta":{"_acf_changed":false},"product_brand":[],"product_cat":[4243],"product_tag":[4382],"class_list":{"0":"post-116817","1":"product","2":"type-product","3":"status-publish","4":"has-post-thumbnail","6":"product_cat-skarmhallare","7":"product_tag-silver","8":"product_shipping_class-tunga-paket","9":"pa_brands-durable","10":"pa_farg-silver","11":"tm-no-options","13":"first","14":"instock","15":"sale","16":"taxable","17":"shipping-taxable","18":"purchasable","19":"product-type-simple"},"acf":[],"_links":{"self":[{"href":"https:\/\/secureus.se\/de\/wp-json\/wp\/v2\/product\/116817","targetHints":{"allow":["GET"]}}],"collection":[{"href":"https:\/\/secureus.se\/de\/wp-json\/wp\/v2\/product"}],"about":[{"href":"https:\/\/secureus.se\/de\/wp-json\/wp\/v2\/types\/product"}],"wp:featuredmedia":[{"embeddable":true,"href":"https:\/\/secureus.se\/de\/wp-json\/wp\/v2\/media\/136312"}],"wp:attachment":[{"href":"https:\/\/secureus.se\/de\/wp-json\/wp\/v2\/media?parent=116817"}],"wp:term":[{"taxonomy":"product_brand","embeddable":true,"href":"https:\/\/secureus.se\/de\/wp-json\/wp\/v2\/product_brand?post=116817"},{"taxonomy":"product_cat","embeddable":true,"href":"https:\/\/secureus.se\/de\/wp-json\/wp\/v2\/product_cat?post=116817"},{"taxonomy":"product_tag","embeddable":true,"href":"https:\/\/secureus.se\/de\/wp-json\/wp\/v2\/product_tag?post=116817"}],"curies":[{"name":"wp","href":"https:\/\/api.w.org\/{rel}","templated":true}]}}