{"id":116843,"date":"2024-11-05T16:58:24","date_gmt":"2024-11-05T15:58:24","guid":{"rendered":"https:\/\/secureus.se\/?post_type=product&#038;p=116843"},"modified":"2026-01-12T12:34:34","modified_gmt":"2026-01-12T11:34:34","slug":"skarmstativ-select-plus-2-skarmar-bordsfaste","status":"publish","type":"product","link":"https:\/\/secureus.se\/de\/skarmstativ-select-plus-2-skarmar-bordsfaste\/","title":{"rendered":"Bildschirmst\u00e4nder SELECT PLUS 2 Bildschirme, Tischmontage"},"content":{"rendered":"<p>Displayst\u00e4nder mit flexiblen Armen f\u00fcr 2 Displays, Tischmontage mittels Kabellochhalterung oder Tischhalterung.<br \/>\nF\u00fcr ein ergonomisches Arbeiten lassen sich H\u00f6he, Neigung und Position des Bildschirms einfach und individuell anpassen.<br \/>\nKann zur Verwendung im Hoch- oder Querformat um 90\u00b0 gedreht werden<br \/>\nM\u00f6gliche Platzierung der Arme in der gew\u00fcnschten Position durch individuelle Einstellung der Feder.<br \/>\nUniverselle VESA-Halterung (75 x 75 mm oder 100 x 100 mm)<br \/>\nF\u00fcr Standardbildschirme bis 32&quot; und max. 8 kg pro Bildschirm.<br \/>\nKabelmanagement: Das Kabel des Monitors wird \u00fcber interne Kabelkan\u00e4le und 2 Klemmen entlang des Standfu\u00dfes gef\u00fchrt, was vor Kabelbruch sch\u00fctzt.<\/p>","protected":false},"excerpt":{"rendered":"<p>Bildschirmst\u00e4nder SELECT PLUS mit beweglichem Arm f\u00fcr 2 Bildschirme, Tischhalterung<\/p>","protected":false},"featured_media":136103,"template":"","meta":{"_acf_changed":false},"product_brand":[],"product_cat":[4243],"product_tag":[4382],"class_list":{"0":"post-116843","1":"product","2":"type-product","3":"status-publish","4":"has-post-thumbnail","6":"product_cat-skarmhallare","7":"product_tag-silver","8":"product_shipping_class-tunga-paket","9":"pa_brands-durable","10":"pa_farg-silver","11":"tm-no-options","13":"first","14":"instock","15":"sale","16":"taxable","17":"shipping-taxable","18":"purchasable","19":"product-type-simple"},"acf":[],"_links":{"self":[{"href":"https:\/\/secureus.se\/de\/wp-json\/wp\/v2\/product\/116843","targetHints":{"allow":["GET"]}}],"collection":[{"href":"https:\/\/secureus.se\/de\/wp-json\/wp\/v2\/product"}],"about":[{"href":"https:\/\/secureus.se\/de\/wp-json\/wp\/v2\/types\/product"}],"wp:featuredmedia":[{"embeddable":true,"href":"https:\/\/secureus.se\/de\/wp-json\/wp\/v2\/media\/136103"}],"wp:attachment":[{"href":"https:\/\/secureus.se\/de\/wp-json\/wp\/v2\/media?parent=116843"}],"wp:term":[{"taxonomy":"product_brand","embeddable":true,"href":"https:\/\/secureus.se\/de\/wp-json\/wp\/v2\/product_brand?post=116843"},{"taxonomy":"product_cat","embeddable":true,"href":"https:\/\/secureus.se\/de\/wp-json\/wp\/v2\/product_cat?post=116843"},{"taxonomy":"product_tag","embeddable":true,"href":"https:\/\/secureus.se\/de\/wp-json\/wp\/v2\/product_tag?post=116843"}],"curies":[{"name":"wp","href":"https:\/\/api.w.org\/{rel}","templated":true}]}}