{"id":116854,"date":"2024-11-05T17:23:53","date_gmt":"2024-11-05T16:23:53","guid":{"rendered":"https:\/\/secureus.se\/?post_type=product&#038;p=116854"},"modified":"2026-01-12T12:37:50","modified_gmt":"2026-01-12T11:37:50","slug":"sherpa-wall-module-5","status":"publish","type":"product","link":"https:\/\/secureus.se\/de\/sherpa-wall-module-5\/","title":{"rendered":"SHERPA\u00ae WANDMODUL 5"},"content":{"rendered":"<p>Wandhalter SHERPA\u00ae f\u00fcr 5 Paneele. An der Wand montiert, Schraube und D\u00fcbel im Lieferumfang enthalten. Kombinierbar mit St\u00e4nder SHERPA\u00ae # 5627. Taschen (Rahmen, Paneele) sind separat zu bestellen. 5 Jahre Garantie. Die Garantiebedingungen finden Sie hier: https:\/\/www.durable.se\/sv_SE\/service\/garanti\/garanti-foer-sherpa-vario\/<br \/>\nZubeh\u00f6r: SHERPA\u00b0PANEL Artikelnummer 5606 in verschiedenen Farben. Kopfhalter 560919 oder 560319<\/p>","protected":false},"excerpt":{"rendered":"<p>Leeres Wandregal SHERPA\u00ae f\u00fcr 5 Paneele im A4-Format.<\/p>","protected":false},"featured_media":135331,"template":"","meta":{"_acf_changed":false},"product_brand":[],"product_cat":[4299],"product_tag":[4393],"class_list":{"0":"post-116854","1":"product","2":"type-product","3":"status-publish","4":"has-post-thumbnail","6":"product_cat-bladderpanelsystem-vagg","7":"product_tag-gra","8":"product_shipping_class-tunga-paket","9":"pa_brands-durable","10":"pa_farg-gra","11":"tm-no-options","13":"first","14":"instock","15":"sale","16":"taxable","17":"shipping-taxable","18":"purchasable","19":"product-type-simple"},"acf":[],"_links":{"self":[{"href":"https:\/\/secureus.se\/de\/wp-json\/wp\/v2\/product\/116854","targetHints":{"allow":["GET"]}}],"collection":[{"href":"https:\/\/secureus.se\/de\/wp-json\/wp\/v2\/product"}],"about":[{"href":"https:\/\/secureus.se\/de\/wp-json\/wp\/v2\/types\/product"}],"wp:featuredmedia":[{"embeddable":true,"href":"https:\/\/secureus.se\/de\/wp-json\/wp\/v2\/media\/135331"}],"wp:attachment":[{"href":"https:\/\/secureus.se\/de\/wp-json\/wp\/v2\/media?parent=116854"}],"wp:term":[{"taxonomy":"product_brand","embeddable":true,"href":"https:\/\/secureus.se\/de\/wp-json\/wp\/v2\/product_brand?post=116854"},{"taxonomy":"product_cat","embeddable":true,"href":"https:\/\/secureus.se\/de\/wp-json\/wp\/v2\/product_cat?post=116854"},{"taxonomy":"product_tag","embeddable":true,"href":"https:\/\/secureus.se\/de\/wp-json\/wp\/v2\/product_tag?post=116854"}],"curies":[{"name":"wp","href":"https:\/\/api.w.org\/{rel}","templated":true}]}}