{"id":116928,"date":"2024-11-05T16:46:42","date_gmt":"2024-11-05T15:46:42","guid":{"rendered":"https:\/\/secureus.se\/?post_type=product&#038;p=116928"},"modified":"2026-01-12T12:56:13","modified_gmt":"2026-01-12T11:56:13","slug":"surfplattehallare-tough-clamp","status":"publish","type":"product","link":"https:\/\/secureus.se\/de\/surfplattehallare-tough-clamp\/","title":{"rendered":"Surfbretthalter TOUGH CLAMP"},"content":{"rendered":"<p>Surfbretthalter, der auf Regalen (max. 40 mm) oder Rohren und Stangen (\u00d8 15-40 mm) montiert werden kann, z. B. am Griff eines Reinigungs- oder Aufbewahrungswagens. Passend f\u00fcr Tablets mit oder ohne H\u00fclle in der Gr\u00f6\u00dfe 7\u2033-13\u2033 (160-275 mm) mit einer Dicke von maximal 23 mm. F\u00fcr Anweisungen, Arbeitspl\u00e4ne und anderes f\u00fcr Industrie, Produktionsst\u00e4tten, Reinigungsfirmen etc. Die Halterung mit gummierten Oberfl\u00e4chen, die das Tablet vor Kratzern und Besch\u00e4digungen sch\u00fctzen, ist um 360\u00b0 drehbar.<br \/>\nMaximales Gewicht f\u00fcr das Tablet 1 kg.<br \/>\nAbmessungen: 130 x 177 x 82 mm (B x H x T)<\/p>","protected":false},"excerpt":{"rendered":"<p>Surfbretthalter mit Halterung f\u00fcr ein Regal oder eine Stange. Passend f\u00fcr Tablets von 7 bis 13 Zoll mit oder ohne Schutzh\u00fclle. Mit biegbarem Schwanenhals und Kugelgelenk.<\/p>","protected":false},"featured_media":135807,"template":"","meta":{"_acf_changed":false},"product_brand":[],"product_cat":[4236],"product_tag":[4381],"class_list":{"0":"post-116928","1":"product","2":"type-product","3":"status-publish","4":"has-post-thumbnail","6":"product_cat-surfplattehallare","7":"product_tag-svart","8":"product_shipping_class-tunga-paket","9":"pa_brands-durable","10":"pa_farg-svart","11":"tm-no-options","13":"first","14":"instock","15":"sale","16":"taxable","17":"shipping-taxable","18":"purchasable","19":"product-type-simple"},"acf":[],"_links":{"self":[{"href":"https:\/\/secureus.se\/de\/wp-json\/wp\/v2\/product\/116928","targetHints":{"allow":["GET"]}}],"collection":[{"href":"https:\/\/secureus.se\/de\/wp-json\/wp\/v2\/product"}],"about":[{"href":"https:\/\/secureus.se\/de\/wp-json\/wp\/v2\/types\/product"}],"wp:featuredmedia":[{"embeddable":true,"href":"https:\/\/secureus.se\/de\/wp-json\/wp\/v2\/media\/135807"}],"wp:attachment":[{"href":"https:\/\/secureus.se\/de\/wp-json\/wp\/v2\/media?parent=116928"}],"wp:term":[{"taxonomy":"product_brand","embeddable":true,"href":"https:\/\/secureus.se\/de\/wp-json\/wp\/v2\/product_brand?post=116928"},{"taxonomy":"product_cat","embeddable":true,"href":"https:\/\/secureus.se\/de\/wp-json\/wp\/v2\/product_cat?post=116928"},{"taxonomy":"product_tag","embeddable":true,"href":"https:\/\/secureus.se\/de\/wp-json\/wp\/v2\/product_tag?post=116928"}],"curies":[{"name":"wp","href":"https:\/\/api.w.org\/{rel}","templated":true}]}}