{"id":116995,"date":"2024-11-05T16:54:48","date_gmt":"2024-11-05T15:54:48","guid":{"rendered":"https:\/\/secureus.se\/?post_type=product&#038;p=116995"},"modified":"2026-01-12T12:01:06","modified_gmt":"2026-01-12T11:01:06","slug":"pallficka-hard-cover-a4l","status":"publish","type":"product","link":"https:\/\/secureus.se\/de\/pallficka-hard-cover-a4l\/","title":{"rendered":"Palettentasche HARD COVER A4L"},"content":{"rendered":"<p>Eine eindeutige und umfassende Kennzeichnung von Palettenaufsatzrahmen, Paletten und Kartons verbessert und rationalisiert den Arbeitsprozess in Lagern und Produktionsst\u00e4tten. Die transparenten Taschen aus starrem PET-Kunststoff k\u00f6nnen mit einem Scanner gelesen werden. Die Palettentasche kann z.B. \u00fcber Palettenaufsatzkanten geh\u00e4ngt werden, die maximal 22 mm breit sind. Jeder Etikettenhalter ist mit einer transparenten Kunststofffolie \u00fcberzogen, die beim Transport und bei der Lagerung vor Kratzern sch\u00fctzt. Die Schutzfolie l\u00e4sst sich leicht entfernen, wenn das Produkt verwendet werden soll. Eine kostenlose Vorlage f\u00fcr das Etikett finden Sie unter www.duraprint.se.<br \/>\nInnenma\u00dfe: A4L (297 x 210 mm B x H)<br \/>\nAu\u00dfenma\u00dfe: 300 x 213 mm B x H<br \/>\nZubeh\u00f6r: Etiketten auf A4-Bl\u00e4ttern, Art.-Nr. Nr. 485602<\/p>","protected":false},"excerpt":{"rendered":"<p>Palettentasche aus transparentem, starrem PET-Kunststoff zum Einh\u00e4ngen \u00fcber den Rand von Palettenrahmen und Kartons. <\/p>","protected":false},"featured_media":136375,"template":"","meta":{"_acf_changed":false},"product_brand":[],"product_cat":[4306],"product_tag":[4376],"class_list":{"0":"post-116995","1":"product","2":"type-product","3":"status-publish","4":"has-post-thumbnail","6":"product_cat-markning-pallstall","7":"product_tag-transparent","8":"product_shipping_class-tunga-paket","9":"pa_brands-durable","10":"pa_farg-transparent","11":"tm-no-options","13":"first","14":"instock","15":"sale","16":"taxable","17":"shipping-taxable","18":"purchasable","19":"product-type-simple"},"acf":[],"_links":{"self":[{"href":"https:\/\/secureus.se\/de\/wp-json\/wp\/v2\/product\/116995","targetHints":{"allow":["GET"]}}],"collection":[{"href":"https:\/\/secureus.se\/de\/wp-json\/wp\/v2\/product"}],"about":[{"href":"https:\/\/secureus.se\/de\/wp-json\/wp\/v2\/types\/product"}],"wp:featuredmedia":[{"embeddable":true,"href":"https:\/\/secureus.se\/de\/wp-json\/wp\/v2\/media\/136375"}],"wp:attachment":[{"href":"https:\/\/secureus.se\/de\/wp-json\/wp\/v2\/media?parent=116995"}],"wp:term":[{"taxonomy":"product_brand","embeddable":true,"href":"https:\/\/secureus.se\/de\/wp-json\/wp\/v2\/product_brand?post=116995"},{"taxonomy":"product_cat","embeddable":true,"href":"https:\/\/secureus.se\/de\/wp-json\/wp\/v2\/product_cat?post=116995"},{"taxonomy":"product_tag","embeddable":true,"href":"https:\/\/secureus.se\/de\/wp-json\/wp\/v2\/product_tag?post=116995"}],"curies":[{"name":"wp","href":"https:\/\/api.w.org\/{rel}","templated":true}]}}