{"id":117054,"date":"2024-11-05T16:53:25","date_gmt":"2024-11-05T15:53:25","guid":{"rendered":"https:\/\/secureus.se\/?post_type=product&#038;p=117054"},"modified":"2026-01-12T12:01:38","modified_gmt":"2026-01-12T11:01:38","slug":"plastficka-magnetisk-hard-cover-a5-l","status":"publish","type":"product","link":"https:\/\/secureus.se\/de\/plastficka-magnetisk-hard-cover-a5-l\/","title":{"rendered":"Kunststofftasche magnetisch HARD COVER A5 L"},"content":{"rendered":"<p>Eine klare und umfassende Kennzeichnung von Regalen, Schr\u00e4nken, T\u00fcren, Beh\u00e4ltern und anderen R\u00e4umen verbessert und rationalisiert den Arbeitsprozess in Lagern und Produktionsst\u00e4tten. Die transparenten, magnetischen Kunststofftaschen aus starrem PET-Kunststoff k\u00f6nnen mit einem Scanner gelesen werden. Die Etiketten lassen sich leicht wechseln, da die Taschen oben und an beiden Seiten offen sind und au\u00dferdem \u00fcber abgeschr\u00e4gte Ecken verf\u00fcgen, um einen einfachen Zugriff auf die Einlage zu erm\u00f6glichen. Zwei Magnetstreifen auf der R\u00fcckseite halten die Tasche fest an ihrem Platz. Jeder Etikettenhalter ist mit einer transparenten Kunststofffolie \u00fcberzogen, die beim Transport und bei der Lagerung vor Kratzern sch\u00fctzt. Die Schutzfolie l\u00e4sst sich leicht entfernen, wenn das Produkt verwendet werden soll. Eine kostenlose Vorlage f\u00fcr das Etikett ist unter www.duraprint.se verf\u00fcgbar.<br \/>\nInnenma\u00dfe: A5L (210\u00d7148 mm B x H)<br \/>\nAu\u00dfenma\u00dfe: 213 x 153 mm (B x H)<br \/>\nZubeh\u00f6r: Etiketten auf A4-Bl\u00e4ttern, Art.-Nr. Nr. 485502<\/p>","protected":false},"excerpt":{"rendered":"<p>Kunststofftasche aus PET-Kunststoff im A5-Querformat mit zwei Magnetstreifen auf der R\u00fcckseite. Zur Verwendung auf Metalloberfl\u00e4chen wie Lagerregalen und Metallbeh\u00e4ltern.<\/p>","protected":false},"featured_media":136139,"template":"","meta":{"_acf_changed":false},"product_brand":[],"product_cat":[4306],"product_tag":[4376],"class_list":{"0":"post-117054","1":"product","2":"type-product","3":"status-publish","4":"has-post-thumbnail","6":"product_cat-markning-pallstall","7":"product_tag-transparent","8":"product_shipping_class-tunga-paket","9":"pa_brands-durable","10":"pa_farg-transparent","11":"tm-no-options","13":"first","14":"instock","15":"sale","16":"taxable","17":"shipping-taxable","18":"purchasable","19":"product-type-simple"},"acf":[],"_links":{"self":[{"href":"https:\/\/secureus.se\/de\/wp-json\/wp\/v2\/product\/117054","targetHints":{"allow":["GET"]}}],"collection":[{"href":"https:\/\/secureus.se\/de\/wp-json\/wp\/v2\/product"}],"about":[{"href":"https:\/\/secureus.se\/de\/wp-json\/wp\/v2\/types\/product"}],"wp:featuredmedia":[{"embeddable":true,"href":"https:\/\/secureus.se\/de\/wp-json\/wp\/v2\/media\/136139"}],"wp:attachment":[{"href":"https:\/\/secureus.se\/de\/wp-json\/wp\/v2\/media?parent=117054"}],"wp:term":[{"taxonomy":"product_brand","embeddable":true,"href":"https:\/\/secureus.se\/de\/wp-json\/wp\/v2\/product_brand?post=117054"},{"taxonomy":"product_cat","embeddable":true,"href":"https:\/\/secureus.se\/de\/wp-json\/wp\/v2\/product_cat?post=117054"},{"taxonomy":"product_tag","embeddable":true,"href":"https:\/\/secureus.se\/de\/wp-json\/wp\/v2\/product_tag?post=117054"}],"curies":[{"name":"wp","href":"https:\/\/api.w.org\/{rel}","templated":true}]}}