{"id":117060,"date":"2024-11-05T17:04:49","date_gmt":"2024-11-05T16:04:49","guid":{"rendered":"https:\/\/secureus.se\/?post_type=product&#038;p=117060"},"modified":"2026-01-12T12:37:20","modified_gmt":"2026-01-12T11:37:20","slug":"vario-magnet-wall-5","status":"publish","type":"product","link":"https:\/\/secureus.se\/de\/vario-magnet-wall-5\/","title":{"rendered":"VARIO\u00ae MAGNETWAND 5"},"content":{"rendered":"<p>Informations- und Pr\u00e4sentationsst\u00e4nde, die viele verschiedene Namen haben; Panel, Display, \u00dcbersichtssystem, Fl\u00fcgelregister, PLU-Halter, Dokumentenhalter, Lat-Dog.... Unabh\u00e4ngig vom Namen findet es viele Einsatzm\u00f6glichkeiten in Lagerh\u00e4usern, Gesch\u00e4ften, Ausstellungen usw. Im \u00dcbersichtssystem werden h\u00e4ufig genutzte Informationen gespeichert, schnell gefunden und \u00fcbersichtlich angezeigt. VARIO\u00ae MAGNET WALL ist ein komplettes Wandregal mit 5 entspiegelten, scanbaren Polypropylen-Kunststofftaschen (schwarz) f\u00fcr Dokumente im A4-Format. Starker Magnet auf der R\u00fcckseite zum Aufstellen z.B. auf Metallregalen, Palettenregalen oder Maschinen. Beim Einsetzen und Herausnehmen der Taschen empfiehlt es sich, die Tasche entlang der inneren L\u00e4ngsseite in der Mitte vorsichtig etwas zu biegen, so l\u00e4sst sich die Tasche leicht einsetzen und herausnehmen, ohne die Spikes in der Halterung zu besch\u00e4digen. 5 Jahre Garantie. Die Garantiebedingungen finden Sie hier: https:\/\/www.durable.se\/sv_SE\/service\/garanti\/garanti-foer-sherpa-vario\/<br \/>\nZubeh\u00f6r: Kopfhalter 560919 oder 560319<\/p>","protected":false},"excerpt":{"rendered":"<p>Komplettes Wandregal aus Metall mit starkem Magneten auf der R\u00fcckseite und 5 hochklappbaren A4-Paneelen.<\/p>","protected":false},"featured_media":136838,"template":"","meta":{"_acf_changed":false},"product_brand":[],"product_cat":[4298],"product_tag":[4381],"class_list":{"0":"post-117060","1":"product","2":"type-product","3":"status-publish","4":"has-post-thumbnail","6":"product_cat-bladderstall-bord","7":"product_tag-svart","8":"product_shipping_class-tunga-paket","9":"pa_brands-durable","10":"pa_farg-svart","11":"tm-no-options","13":"first","14":"instock","15":"sale","16":"taxable","17":"shipping-taxable","18":"purchasable","19":"product-type-simple"},"acf":[],"_links":{"self":[{"href":"https:\/\/secureus.se\/de\/wp-json\/wp\/v2\/product\/117060","targetHints":{"allow":["GET"]}}],"collection":[{"href":"https:\/\/secureus.se\/de\/wp-json\/wp\/v2\/product"}],"about":[{"href":"https:\/\/secureus.se\/de\/wp-json\/wp\/v2\/types\/product"}],"wp:featuredmedia":[{"embeddable":true,"href":"https:\/\/secureus.se\/de\/wp-json\/wp\/v2\/media\/136838"}],"wp:attachment":[{"href":"https:\/\/secureus.se\/de\/wp-json\/wp\/v2\/media?parent=117060"}],"wp:term":[{"taxonomy":"product_brand","embeddable":true,"href":"https:\/\/secureus.se\/de\/wp-json\/wp\/v2\/product_brand?post=117060"},{"taxonomy":"product_cat","embeddable":true,"href":"https:\/\/secureus.se\/de\/wp-json\/wp\/v2\/product_cat?post=117060"},{"taxonomy":"product_tag","embeddable":true,"href":"https:\/\/secureus.se\/de\/wp-json\/wp\/v2\/product_tag?post=117060"}],"curies":[{"name":"wp","href":"https:\/\/api.w.org\/{rel}","templated":true}]}}