{"id":117112,"date":"2024-11-20T14:13:11","date_gmt":"2024-11-20T13:13:11","guid":{"rendered":"https:\/\/secureus.se\/?post_type=product&#038;p=117112"},"modified":"2026-01-12T12:51:47","modified_gmt":"2026-01-12T11:51:47","slug":"namnskylt-a6-utan-faste","status":"publish","type":"product","link":"https:\/\/secureus.se\/de\/namnskylt-a6-utan-faste\/","title":{"rendered":"Typenschild A6 ohne Halterung"},"content":{"rendered":"<p>F\u00fcr Teilnehmer von Konferenzen, Events und Kick-offs ist es praktisch, ein Veranstaltungsschild zu haben, das als Namensschild, aber auch f\u00fcr Programmpunkte und andere Informationen genutzt werden kann. Dies ist eine A6-Tasche mit einem Visitenkartenfach auf der R\u00fcckseite. Drei L\u00f6cher f\u00fcr die Befestigung Ihrer Wahl; Textilkette, Hosentr\u00e4gerclip oder ausziehbares Yo-Yo. Wei\u00dfe Etiketten im Streifen sind im Lieferumfang enthalten. Etiketten auf A4-Bl\u00e4ttern zum Ausdrucken in Druckern k\u00f6nnen separat bestellt werden. Verwenden Sie das kostenlose Programm DURAPRINT\u00ae, das unter www.duraprint.se verf\u00fcgbar ist, um stilvolle Namensschilder zu erstellen und zu drucken.<br \/>\nZubeh\u00f6r:<br \/>\nBadgemaker\u00ae-Etiketten auf A4-Bl\u00e4ttern zum Ausdrucken im Drucker, Art.-Nr<\/p>","protected":false},"excerpt":{"rendered":"<p>Namensschild f\u00fcr Veranstaltungen mit einer A6-Tasche mit Platz f\u00fcr z.B. Programmpunkte.<\/p>","protected":false},"featured_media":133784,"template":"","meta":{"_acf_changed":false},"product_brand":[],"product_cat":[4273],"product_tag":[4376],"class_list":{"0":"post-117112","1":"product","2":"type-product","3":"status-publish","4":"has-post-thumbnail","6":"product_cat-namnskyltar-utan-faste","7":"product_tag-transparent","8":"product_shipping_class-tunga-paket","9":"pa_brands-durable","10":"pa_farg-transparent","11":"tm-no-options","13":"first","14":"instock","15":"sale","16":"taxable","17":"shipping-taxable","18":"purchasable","19":"product-type-simple"},"acf":[],"_links":{"self":[{"href":"https:\/\/secureus.se\/de\/wp-json\/wp\/v2\/product\/117112","targetHints":{"allow":["GET"]}}],"collection":[{"href":"https:\/\/secureus.se\/de\/wp-json\/wp\/v2\/product"}],"about":[{"href":"https:\/\/secureus.se\/de\/wp-json\/wp\/v2\/types\/product"}],"wp:featuredmedia":[{"embeddable":true,"href":"https:\/\/secureus.se\/de\/wp-json\/wp\/v2\/media\/133784"}],"wp:attachment":[{"href":"https:\/\/secureus.se\/de\/wp-json\/wp\/v2\/media?parent=117112"}],"wp:term":[{"taxonomy":"product_brand","embeddable":true,"href":"https:\/\/secureus.se\/de\/wp-json\/wp\/v2\/product_brand?post=117112"},{"taxonomy":"product_cat","embeddable":true,"href":"https:\/\/secureus.se\/de\/wp-json\/wp\/v2\/product_cat?post=117112"},{"taxonomy":"product_tag","embeddable":true,"href":"https:\/\/secureus.se\/de\/wp-json\/wp\/v2\/product_tag?post=117112"}],"curies":[{"name":"wp","href":"https:\/\/api.w.org\/{rel}","templated":true}]}}