{"id":117141,"date":"2024-11-05T16:51:16","date_gmt":"2024-11-05T15:51:16","guid":{"rendered":"https:\/\/secureus.se\/?post_type=product&#038;p=117141"},"modified":"2026-03-11T14:45:08","modified_gmt":"2026-03-11T13:45:08","slug":"surfplattehallare-twist-floor","status":"publish","type":"product","link":"https:\/\/secureus.se\/de\/surfplattehallare-twist-floor\/","title":{"rendered":"Surfbretthalter TWIST FLOOR"},"content":{"rendered":"<p>TWIST FLOOR ist ein Bodenst\u00e4nder mit Halterung f\u00fcr Tablets oder Smartphones, ideal zum Ansehen von Filmen und zum Teilen von Informationen in \u00f6ffentlichen Bereichen wie Messen, Ausstellungen, Hotels und Restaurants. Die Halterung der TWIST-Serie ist mit rutschfesten Pads ausgestattet, die das Ger\u00e4t sicher fixieren und vor Kratzern sch\u00fctzen. Sie eignet sich f\u00fcr Tablets und Smartphones wie iPhone, iPad und Samsung von 4,7\u2033 bis 13\u2033 mit einem maximalen Gewicht von 800 g und ist an einem um 360\u00b0 drehbaren Kugelgelenk befestigt. Eine \u00d6ffnung f\u00fcr das Ladekabel ist ebenfalls vorhanden. Der dreibeinige Teleskopst\u00e4nder von TWIST FLOOR bietet einen gro\u00dfen Verstellbereich von 1,12 m bis 1,69 m. Zusammengeklappt ist er nur 70 cm lang und l\u00e4sst sich dank der mitgelieferten Tasche bequem transportieren. Der stabile Schwanenhals erm\u00f6glicht eine stufenlose H\u00f6henverstellung und einen stufenlos einstellbaren Lesewinkel. Hergestellt aus 40%-Recyclingmaterial und am Ende der Produktlebensdauer zu 100 % als % recycelbar.<\/p>","protected":false},"excerpt":{"rendered":"<p>Halterung f\u00fcr Tablet oder Handy 4,7-13\u2033. Bodenstativ mit biegbarem Schwanenhals und Kugelgelenk.<\/p>","protected":false},"featured_media":135731,"template":"","meta":{"_acf_changed":false},"product_brand":[],"product_cat":[4236],"product_tag":[4381],"class_list":{"0":"post-117141","1":"product","2":"type-product","3":"status-publish","4":"has-post-thumbnail","6":"product_cat-surfplattehallare","7":"product_tag-svart","8":"product_shipping_class-tunga-paket","9":"pa_brands-durable","10":"pa_farg-svart","11":"tm-no-options","13":"first","14":"instock","15":"sale","16":"taxable","17":"shipping-taxable","18":"purchasable","19":"product-type-simple"},"acf":[],"_links":{"self":[{"href":"https:\/\/secureus.se\/de\/wp-json\/wp\/v2\/product\/117141","targetHints":{"allow":["GET"]}}],"collection":[{"href":"https:\/\/secureus.se\/de\/wp-json\/wp\/v2\/product"}],"about":[{"href":"https:\/\/secureus.se\/de\/wp-json\/wp\/v2\/types\/product"}],"wp:featuredmedia":[{"embeddable":true,"href":"https:\/\/secureus.se\/de\/wp-json\/wp\/v2\/media\/135731"}],"wp:attachment":[{"href":"https:\/\/secureus.se\/de\/wp-json\/wp\/v2\/media?parent=117141"}],"wp:term":[{"taxonomy":"product_brand","embeddable":true,"href":"https:\/\/secureus.se\/de\/wp-json\/wp\/v2\/product_brand?post=117141"},{"taxonomy":"product_cat","embeddable":true,"href":"https:\/\/secureus.se\/de\/wp-json\/wp\/v2\/product_cat?post=117141"},{"taxonomy":"product_tag","embeddable":true,"href":"https:\/\/secureus.se\/de\/wp-json\/wp\/v2\/product_tag?post=117141"}],"curies":[{"name":"wp","href":"https:\/\/api.w.org\/{rel}","templated":true}]}}