{"id":117178,"date":"2024-11-05T17:18:50","date_gmt":"2024-11-05T16:18:50","guid":{"rendered":"https:\/\/secureus.se\/?post_type=product&#038;p=117178"},"modified":"2026-01-12T12:49:00","modified_gmt":"2026-01-12T11:49:00","slug":"sjalvlaminerande-sjalvhaftande-ficka-seal-it-a4-10-fp","status":"publish","type":"product","link":"https:\/\/secureus.se\/de\/sjalvlaminerande-sjalvhaftande-ficka-seal-it-a4-10-fp\/","title":{"rendered":"Selbstlaminierende, selbstklebende Tasche SEAL IT A4 10\/fp"},"content":{"rendered":"<p>Durch die Plastifizierung von Fotos, Dokumenten, Anleitungen etc. werden diese vor Schmutz, Feuchtigkeit und anderen Besch\u00e4digungen gesch\u00fctzt. SEAL IT ist eine Serie von Kaltlaminiertaschen, d. h. es ist keine Laminiermaschine erforderlich. Legen Sie das Papier zwischen die Bl\u00e4tter und ziehen Sie das Schutzpapier von oben nach unten vom oberen Blatt ab und f\u00fcgen Sie es St\u00fcck f\u00fcr St\u00fcck zusammen, und schon ist das Blatt eingewickelt! Diese Tasche ist auf der R\u00fcckseite selbstklebend. L\u00e4sst sich auf festen und glatten Oberfl\u00e4chen befestigen, kann entfernt und wieder angebracht werden. F\u00fcr Bl\u00e4tter im A4-Format. Verpackung mit 10 St\u00fcck.<\/p>","protected":false},"excerpt":{"rendered":"<p>Tasche zum Einwickeln von A4-Bl\u00e4ttern ohne Laminiermaschine. Selbstklebende R\u00fcckseite.<\/p>","protected":false},"featured_media":135919,"template":"","meta":{"_acf_changed":false},"product_brand":[],"product_cat":[4311],"product_tag":[4376],"class_list":{"0":"post-117178","1":"product","2":"type-product","3":"status-publish","4":"has-post-thumbnail","6":"product_cat-lamineringsfickor","7":"product_tag-transparent","8":"product_shipping_class-tunga-paket","9":"pa_brands-durable","10":"pa_farg-transparent","11":"tm-no-options","13":"first","14":"instock","15":"sale","16":"taxable","17":"shipping-taxable","18":"purchasable","19":"product-type-simple"},"acf":[],"_links":{"self":[{"href":"https:\/\/secureus.se\/de\/wp-json\/wp\/v2\/product\/117178","targetHints":{"allow":["GET"]}}],"collection":[{"href":"https:\/\/secureus.se\/de\/wp-json\/wp\/v2\/product"}],"about":[{"href":"https:\/\/secureus.se\/de\/wp-json\/wp\/v2\/types\/product"}],"wp:featuredmedia":[{"embeddable":true,"href":"https:\/\/secureus.se\/de\/wp-json\/wp\/v2\/media\/135919"}],"wp:attachment":[{"href":"https:\/\/secureus.se\/de\/wp-json\/wp\/v2\/media?parent=117178"}],"wp:term":[{"taxonomy":"product_brand","embeddable":true,"href":"https:\/\/secureus.se\/de\/wp-json\/wp\/v2\/product_brand?post=117178"},{"taxonomy":"product_cat","embeddable":true,"href":"https:\/\/secureus.se\/de\/wp-json\/wp\/v2\/product_cat?post=117178"},{"taxonomy":"product_tag","embeddable":true,"href":"https:\/\/secureus.se\/de\/wp-json\/wp\/v2\/product_tag?post=117178"}],"curies":[{"name":"wp","href":"https:\/\/api.w.org\/{rel}","templated":true}]}}