{"id":117228,"date":"2024-11-05T16:49:39","date_gmt":"2024-11-05T15:49:39","guid":{"rendered":"https:\/\/secureus.se\/?post_type=product&#038;p=117228"},"modified":"2026-01-12T12:33:10","modified_gmt":"2026-01-12T11:33:10","slug":"lada-till-skarmstall-effect","status":"publish","type":"product","link":"https:\/\/secureus.se\/de\/lada-till-skarmstall-effect\/","title":{"rendered":"Schublade f\u00fcr Bildschirmst\u00e4nder EFFECT"},"content":{"rendered":"<p>Mit einem Bildschirmst\u00e4nder befindet sich der Computerbildschirm auf einer ergonomisch guten H\u00f6he und schafft gleichzeitig Platz auf dem Tisch. Kombinieren Sie es mit einer Box zur Aufbewahrung von Stiften, Dokumenten, Kabeln usw. Die EFFECT-Serie, zu der diese Box geh\u00f6rt, besteht aus Metall und verf\u00fcgt \u00fcber eine weiche, schallabsorbierende und langlebige Filzbodenmatte. Die Decke besteht aus PET-Kunststoff, wovon 60% aus gesammeltem und recyceltem PET-Kunststoff (rPET) besteht. Material vom Boden der Box wurde f\u00fcr zwei Gleitschienen verwendet, die am Bildschirmst\u00e4nder befestigt werden. Die L\u00f6cher f\u00fcr diese Schienen werden durch die Filzmatte abgedeckt. Die Produkte der Serie sind zu 100 % recycelbar und werden mit ressourcenschonenden und plastikfreien Materialien nachhaltig verpackt. Maximale Belastung 5 kg. Abmessungen: 46,8 x 5,3 x 22,1 cm (BxHxT)<br \/>\nZubeh\u00f6r: Bildschirmst\u00e4nder EFFECT, Art.-Nr<\/p>","protected":false},"excerpt":{"rendered":"<p>Schublade passend zum EFECT-Waschtisch f\u00fcr z.B. Stifte und Ladekabel. <\/p>","protected":false},"featured_media":136211,"template":"","meta":{"_acf_changed":false},"product_brand":[],"product_cat":[4243],"product_tag":[4381],"class_list":{"0":"post-117228","1":"product","2":"type-product","3":"status-publish","4":"has-post-thumbnail","6":"product_cat-skarmhallare","7":"product_tag-svart","8":"product_shipping_class-tunga-paket","9":"pa_brands-durable","10":"pa_farg-svart","11":"tm-no-options","13":"first","14":"instock","15":"sale","16":"taxable","17":"shipping-taxable","18":"purchasable","19":"product-type-simple"},"acf":[],"_links":{"self":[{"href":"https:\/\/secureus.se\/de\/wp-json\/wp\/v2\/product\/117228","targetHints":{"allow":["GET"]}}],"collection":[{"href":"https:\/\/secureus.se\/de\/wp-json\/wp\/v2\/product"}],"about":[{"href":"https:\/\/secureus.se\/de\/wp-json\/wp\/v2\/types\/product"}],"wp:featuredmedia":[{"embeddable":true,"href":"https:\/\/secureus.se\/de\/wp-json\/wp\/v2\/media\/136211"}],"wp:attachment":[{"href":"https:\/\/secureus.se\/de\/wp-json\/wp\/v2\/media?parent=117228"}],"wp:term":[{"taxonomy":"product_brand","embeddable":true,"href":"https:\/\/secureus.se\/de\/wp-json\/wp\/v2\/product_brand?post=117228"},{"taxonomy":"product_cat","embeddable":true,"href":"https:\/\/secureus.se\/de\/wp-json\/wp\/v2\/product_cat?post=117228"},{"taxonomy":"product_tag","embeddable":true,"href":"https:\/\/secureus.se\/de\/wp-json\/wp\/v2\/product_tag?post=117228"}],"curies":[{"name":"wp","href":"https:\/\/api.w.org\/{rel}","templated":true}]}}