{"id":117245,"date":"2024-11-05T17:01:39","date_gmt":"2024-11-05T16:01:39","guid":{"rendered":"https:\/\/secureus.se\/?post_type=product&#038;p=117245"},"modified":"2026-01-12T12:00:12","modified_gmt":"2026-01-12T11:00:12","slug":"varseldekal-hall-avstand-borttagbar","status":"publish","type":"product","link":"https:\/\/secureus.se\/de\/varseldekal-hall-avstand-borttagbar\/","title":{"rendered":"Warnaufkleber \u201eAbstand halten\u201c abnehmbar"},"content":{"rendered":"<p>F\u00fcr mehr Sicherheit im \u00f6ffentlichen Raum: Bodenmarkierungsaufkleber mit Gebots- oder Verbotssymbolen, die dabei helfen, Hygiene- und Abstandsregeln zu kommunizieren. Selbstklebender, wiederabl\u00f6sbarer, gro\u00dfer Bodenaufkleber \u201eAbstand 1,5 \u2013 2 m einhalten\u201c informiert und erinnert deutlich an das Abstandhalten im Bereich (z. B. Gesch\u00e4fte, Fitnessstudios, Hotels, Restaurants). Wird auf sauberen und trockenen Betonb\u00f6den befestigt. Rutschhemmklasse R9 nach DIN 51130. Die Schilder erf\u00fcllen die Anforderungen der ISO 7010.<br \/>\nAbmessungen: \u00d8 430 mm, Dicke 0,2 mm<\/p>","protected":false},"excerpt":{"rendered":"<p>Selbstklebendes, wiederabl\u00f6sbares Verbotsschild zur Bodenanbringung. Informiert deutlich \u00fcber das Abstandhalten und tr\u00e4gt zu mehr Sicherheit bei.<\/p>","protected":false},"featured_media":136288,"template":"","meta":{"_acf_changed":false},"product_brand":[],"product_cat":[4307],"product_tag":[4389],"class_list":{"0":"post-117245","1":"product","2":"type-product","3":"status-publish","4":"has-post-thumbnail","6":"product_cat-sakerhetsmarkning","7":"product_tag-rod","8":"product_shipping_class-tunga-paket","9":"pa_brands-durable","10":"pa_farg-rod","11":"tm-no-options","13":"first","14":"instock","15":"sale","16":"taxable","17":"shipping-taxable","18":"purchasable","19":"product-type-simple"},"acf":[],"_links":{"self":[{"href":"https:\/\/secureus.se\/de\/wp-json\/wp\/v2\/product\/117245","targetHints":{"allow":["GET"]}}],"collection":[{"href":"https:\/\/secureus.se\/de\/wp-json\/wp\/v2\/product"}],"about":[{"href":"https:\/\/secureus.se\/de\/wp-json\/wp\/v2\/types\/product"}],"wp:featuredmedia":[{"embeddable":true,"href":"https:\/\/secureus.se\/de\/wp-json\/wp\/v2\/media\/136288"}],"wp:attachment":[{"href":"https:\/\/secureus.se\/de\/wp-json\/wp\/v2\/media?parent=117245"}],"wp:term":[{"taxonomy":"product_brand","embeddable":true,"href":"https:\/\/secureus.se\/de\/wp-json\/wp\/v2\/product_brand?post=117245"},{"taxonomy":"product_cat","embeddable":true,"href":"https:\/\/secureus.se\/de\/wp-json\/wp\/v2\/product_cat?post=117245"},{"taxonomy":"product_tag","embeddable":true,"href":"https:\/\/secureus.se\/de\/wp-json\/wp\/v2\/product_tag?post=117245"}],"curies":[{"name":"wp","href":"https:\/\/api.w.org\/{rel}","templated":true}]}}