{"id":117251,"date":"2024-11-05T16:49:31","date_gmt":"2024-11-05T15:49:31","guid":{"rendered":"https:\/\/secureus.se\/?post_type=product&#038;p=117251"},"modified":"2026-01-12T12:29:21","modified_gmt":"2026-01-12T11:29:21","slug":"snappram-aluminium-a2","status":"publish","type":"product","link":"https:\/\/secureus.se\/de\/snappram-aluminium-a2\/","title":{"rendered":"Klapprahmen Aluminium A2"},"content":{"rendered":"<p>Klassische Klapprahmen eignen sich beispielsweise in Fitnessstudios, B\u00fcros, Hotels, auf Messen und in Gesch\u00e4ften, um Informationen, die ausgetauscht werden m\u00fcssen, \u00fcbersichtlich darzustellen. Wechseln Sie den Einsatz, indem Sie alle 4 Seitenprofile hochklappen und die UV-best\u00e4ndige und entspiegelte Kunststofffront, die den Einsatz sch\u00fctzt, entfernen. Der Rahmen besteht aus einem 25 mm breiten eloxierten Aluminiumprofil, was die Aluminiumoberfl\u00e4che langlebiger macht. Die R\u00fcckseite des Klickrahmens besteht aus strapazierf\u00e4higem Polystyrol. Verdeckte L\u00f6cher f\u00fcr die mitgelieferte Schraube und D\u00fcbel sowie 4 mitgelieferte Selbstklebestreifen, zur wahlweisen Wandmontage im Hoch- oder Querformat.<br \/>\nAu\u00dfenma\u00dfe: 480 x 650 x 12 mm, H x B x T<br \/>\nInnenma\u00dfe: 450 x 625 mm, H x B<\/p>","protected":false},"excerpt":{"rendered":"<p>Klapprahmen mit 25 mm Aluminiumprofil, f\u00fcr Einleger im A2-Format<\/p>","protected":false},"featured_media":135959,"template":"","meta":{"_acf_changed":false},"product_brand":[],"product_cat":[4336],"product_tag":[4382],"class_list":{"0":"post-117251","1":"product","2":"type-product","3":"status-publish","4":"has-post-thumbnail","6":"product_cat-snappram","7":"product_tag-silver","8":"product_shipping_class-tunga-paket","9":"pa_brands-durable","10":"pa_farg-silver","11":"tm-no-options","13":"first","14":"instock","15":"sale","16":"taxable","17":"shipping-taxable","18":"purchasable","19":"product-type-simple"},"acf":[],"_links":{"self":[{"href":"https:\/\/secureus.se\/de\/wp-json\/wp\/v2\/product\/117251","targetHints":{"allow":["GET"]}}],"collection":[{"href":"https:\/\/secureus.se\/de\/wp-json\/wp\/v2\/product"}],"about":[{"href":"https:\/\/secureus.se\/de\/wp-json\/wp\/v2\/types\/product"}],"wp:featuredmedia":[{"embeddable":true,"href":"https:\/\/secureus.se\/de\/wp-json\/wp\/v2\/media\/135959"}],"wp:attachment":[{"href":"https:\/\/secureus.se\/de\/wp-json\/wp\/v2\/media?parent=117251"}],"wp:term":[{"taxonomy":"product_brand","embeddable":true,"href":"https:\/\/secureus.se\/de\/wp-json\/wp\/v2\/product_brand?post=117251"},{"taxonomy":"product_cat","embeddable":true,"href":"https:\/\/secureus.se\/de\/wp-json\/wp\/v2\/product_cat?post=117251"},{"taxonomy":"product_tag","embeddable":true,"href":"https:\/\/secureus.se\/de\/wp-json\/wp\/v2\/product_tag?post=117251"}],"curies":[{"name":"wp","href":"https:\/\/api.w.org\/{rel}","templated":true}]}}