{"id":117253,"date":"2024-11-20T14:14:37","date_gmt":"2024-11-20T13:14:37","guid":{"rendered":"https:\/\/secureus.se\/?post_type=product&#038;p=117253"},"modified":"2026-01-12T12:47:13","modified_gmt":"2026-01-12T11:47:13","slug":"namnskylt-set-60x90-hangselclips-a4-etikettark","status":"publish","type":"product","link":"https:\/\/secureus.se\/de\/namnskylt-set-60x90-hangselclips-a4-etikettark\/","title":{"rendered":"Namensschild-SET 60\u00d790, Scharnierclip + A4-Beschriftungsbogen"},"content":{"rendered":"<p>Tagungsteilnehmer, Besucher von Firmen, Mitarbeiter auf Messen, in Gesch\u00e4ften, Dienstleistungsberufe und Verk\u00e4ufer \u2013 die Liste l\u00e4sst sich erweitern, wo Bedarf an Namensschildern in unterschiedlichen Gr\u00f6\u00dfen, Ausf\u00fchrungen und Befestigungsm\u00f6glichkeiten besteht. Komplettset mit Namensschild im Querformat 60x90mm mit drehbarem Scharnierclip, der daf\u00fcr sorgt, dass das Schild immer in der richtigen Position h\u00e4ngt. Die gek\u00fcrzte Vorderseite erleichtert den einfachen Austausch der Karte, wenn diese relativ oft ausgetauscht werden muss. Im Set sind 4 A4-Bl\u00e4tter mit wei\u00dfen Etiketten zum Bedrucken im Drucker enthalten. Weitere Etiketten auf A4-Bl\u00e4ttern k\u00f6nnen separat bestellt werden. Verwenden Sie das kostenlose Programm DURAPRINT\u00ae, das unter www.duraprint.se verf\u00fcgbar ist, um stilvolle Namensschilder zu erstellen und zu drucken.<br \/>\nZubeh\u00f6r:<br \/>\nBadgemaker\u00ae-Etiketten auf A4-Bl\u00e4ttern zum Ausdrucken im Drucker, Art.-Nr<\/p>","protected":false},"excerpt":{"rendered":"<p>Kompletter Satz A4-Etikettenb\u00f6gen f\u00fcr den Druckerdruck. 20 Namensschilder im Querformat 60x90mm mit Aufh\u00e4ngeclips.<\/p>","protected":false},"featured_media":133578,"template":"","meta":{"_acf_changed":false},"product_brand":[],"product_cat":[4275],"product_tag":[],"class_list":{"0":"post-117253","1":"product","2":"type-product","3":"status-publish","4":"has-post-thumbnail","6":"product_cat-namnskyltar-kompletta-set","7":"product_shipping_class-tunga-paket","8":"pa_brands-durable","9":"tm-no-options","11":"first","12":"instock","13":"sale","14":"taxable","15":"shipping-taxable","16":"purchasable","17":"product-type-simple"},"acf":[],"_links":{"self":[{"href":"https:\/\/secureus.se\/de\/wp-json\/wp\/v2\/product\/117253","targetHints":{"allow":["GET"]}}],"collection":[{"href":"https:\/\/secureus.se\/de\/wp-json\/wp\/v2\/product"}],"about":[{"href":"https:\/\/secureus.se\/de\/wp-json\/wp\/v2\/types\/product"}],"wp:featuredmedia":[{"embeddable":true,"href":"https:\/\/secureus.se\/de\/wp-json\/wp\/v2\/media\/133578"}],"wp:attachment":[{"href":"https:\/\/secureus.se\/de\/wp-json\/wp\/v2\/media?parent=117253"}],"wp:term":[{"taxonomy":"product_brand","embeddable":true,"href":"https:\/\/secureus.se\/de\/wp-json\/wp\/v2\/product_brand?post=117253"},{"taxonomy":"product_cat","embeddable":true,"href":"https:\/\/secureus.se\/de\/wp-json\/wp\/v2\/product_cat?post=117253"},{"taxonomy":"product_tag","embeddable":true,"href":"https:\/\/secureus.se\/de\/wp-json\/wp\/v2\/product_tag?post=117253"}],"curies":[{"name":"wp","href":"https:\/\/api.w.org\/{rel}","templated":true}]}}