{"id":117272,"date":"2024-11-05T17:01:08","date_gmt":"2024-11-05T16:01:08","guid":{"rendered":"https:\/\/secureus.se\/?post_type=product&#038;p=117272"},"modified":"2026-01-12T12:55:04","modified_gmt":"2026-01-12T11:55:04","slug":"vagghallare-for-surfplatta-visioclip","status":"publish","type":"product","link":"https:\/\/secureus.se\/de\/vagghallare-for-surfplatta-visioclip\/","title":{"rendered":"Wandhalterung f\u00fcr Tablet VISIOCLIP"},"content":{"rendered":"<p>Diese Wandhalterung, die aus zwei Clips\/Befestigungen besteht, ist einfach zu montieren und sorgt daf\u00fcr, dass sich das Tablet dezent in das B\u00fcro, die Industrie oder das Zuhause im Haus einf\u00fcgt \u2013 die K\u00fcche, das Wohnzimmer und den Flur, zum Beispiel f\u00fcr den betrieblichen Einsatz oder Stauraum, sodass Sie ihn bei Bedarf leicht finden k\u00f6nnen. Auch als Ladestation f\u00fcr Smartphones nutzbar.<br \/>\nDie Halterungen sind so eingestellt, dass das Tablet sowohl im Hoch- als auch im Querformat genutzt werden kann. Wird mit Schrauben an der Wand befestigt (Schablone f\u00fcr die Bohrl\u00f6cher liegt bei), alternativ mit selbstklebendem, gro\u00dfem Befestigungspad, das r\u00fcckstandsfrei von der Wand entfernt werden kann. Das Tablet sitzt im Gebrauch fest im VISIOCLIP und ist f\u00fcr Ger\u00e4te mit einem Gewicht von maximal 1 kg und einer maximalen Tiefe von 10 mm vorgesehen. Die Halterungen lassen sich leicht einsetzen oder entfernen und sind dank ihres Designs mit integrierten Haken, die ein Abbrechen verhindern, langlebig.<\/p>","protected":false},"excerpt":{"rendered":"<p>Wandhalterung f\u00fcr Tablets und Smartphones, die sich einfach einsetzen und entfernen l\u00e4sst.<\/p>","protected":false},"featured_media":135768,"template":"","meta":{"_acf_changed":false},"product_brand":[],"product_cat":[4236],"product_tag":[4390],"class_list":{"0":"post-117272","1":"product","2":"type-product","3":"status-publish","4":"has-post-thumbnail","6":"product_cat-surfplattehallare","7":"product_tag-morkgra","8":"product_shipping_class-tunga-paket","9":"pa_brands-durable","10":"pa_farg-morkgra","11":"tm-no-options","13":"first","14":"instock","15":"sale","16":"taxable","17":"shipping-taxable","18":"purchasable","19":"product-type-simple"},"acf":[],"_links":{"self":[{"href":"https:\/\/secureus.se\/de\/wp-json\/wp\/v2\/product\/117272","targetHints":{"allow":["GET"]}}],"collection":[{"href":"https:\/\/secureus.se\/de\/wp-json\/wp\/v2\/product"}],"about":[{"href":"https:\/\/secureus.se\/de\/wp-json\/wp\/v2\/types\/product"}],"wp:featuredmedia":[{"embeddable":true,"href":"https:\/\/secureus.se\/de\/wp-json\/wp\/v2\/media\/135768"}],"wp:attachment":[{"href":"https:\/\/secureus.se\/de\/wp-json\/wp\/v2\/media?parent=117272"}],"wp:term":[{"taxonomy":"product_brand","embeddable":true,"href":"https:\/\/secureus.se\/de\/wp-json\/wp\/v2\/product_brand?post=117272"},{"taxonomy":"product_cat","embeddable":true,"href":"https:\/\/secureus.se\/de\/wp-json\/wp\/v2\/product_cat?post=117272"},{"taxonomy":"product_tag","embeddable":true,"href":"https:\/\/secureus.se\/de\/wp-json\/wp\/v2\/product_tag?post=117272"}],"curies":[{"name":"wp","href":"https:\/\/api.w.org\/{rel}","templated":true}]}}