{"id":117356,"date":"2024-11-20T14:14:58","date_gmt":"2024-11-20T13:14:58","guid":{"rendered":"https:\/\/secureus.se\/?post_type=product&#038;p=117356"},"modified":"2026-01-12T12:06:12","modified_gmt":"2026-01-12T11:06:12","slug":"plastficka-a4l-med-tradbygel-2","status":"publish","type":"product","link":"https:\/\/secureus.se\/de\/plastficka-a4l-med-tradbygel-2\/","title":{"rendered":"Kunststofftasche A4L mit Drahtklammer"},"content":{"rendered":"<p>Eine eindeutige und umfassende Kennzeichnung von Beh\u00e4ltern, Palettenaufsatzrahmen, Palettenboxen und Gitterw\u00e4nden verbessert und rationalisiert den Arbeitsprozess in Lagern und Produktionsst\u00e4tten. Die Kunststofftaschen aus strapazierf\u00e4higem Polypropylen k\u00f6nnen mit einem Scanner gelesen werden. Durch eine Abdeckung ist das Inlay auch im Au\u00dfenbereich vor Schmutz und Feuchtigkeit gesch\u00fctzt. Wird mit einem verzinkten, flexiblen Drahtclip befestigt. Eine kostenlose Vorlage f\u00fcr das Etikett finden Sie unter www.duraprint.se.<br \/>\nInnenma\u00dfe: A4L (297\u00d7210 mm B x H)<br \/>\nAu\u00dfenma\u00dfe: 311x280mm (B x H)<br \/>\nAu\u00dfenma\u00dfe mit Stahldraht: 329\u00d7288 mm (B x H)<br \/>\nZubeh\u00f6r: Etiketten auf A4-Bl\u00e4ttern, Art.-Nr. Nr. 485602<\/p>","protected":false},"excerpt":{"rendered":"<p>Kunststofftasche mit Drahtaufh\u00e4nger zur Verwendung z. B. an Netzen, Palettenrahmen, Palettenboxen. Mit einer Schutzh\u00fclle \u00fcber der \u00d6ffnung.<\/p>","protected":false},"featured_media":133732,"template":"","meta":{"_acf_changed":false},"product_brand":[],"product_cat":[4306],"product_tag":[4387],"class_list":{"0":"post-117356","1":"product","2":"type-product","3":"status-publish","4":"has-post-thumbnail","6":"product_cat-markning-pallstall","7":"product_tag-bla","8":"product_shipping_class-tunga-paket","9":"pa_brands-durable","10":"pa_farg-bla","11":"tm-no-options","13":"first","14":"instock","15":"sale","16":"taxable","17":"shipping-taxable","18":"purchasable","19":"product-type-simple"},"acf":[],"_links":{"self":[{"href":"https:\/\/secureus.se\/de\/wp-json\/wp\/v2\/product\/117356","targetHints":{"allow":["GET"]}}],"collection":[{"href":"https:\/\/secureus.se\/de\/wp-json\/wp\/v2\/product"}],"about":[{"href":"https:\/\/secureus.se\/de\/wp-json\/wp\/v2\/types\/product"}],"wp:featuredmedia":[{"embeddable":true,"href":"https:\/\/secureus.se\/de\/wp-json\/wp\/v2\/media\/133732"}],"wp:attachment":[{"href":"https:\/\/secureus.se\/de\/wp-json\/wp\/v2\/media?parent=117356"}],"wp:term":[{"taxonomy":"product_brand","embeddable":true,"href":"https:\/\/secureus.se\/de\/wp-json\/wp\/v2\/product_brand?post=117356"},{"taxonomy":"product_cat","embeddable":true,"href":"https:\/\/secureus.se\/de\/wp-json\/wp\/v2\/product_cat?post=117356"},{"taxonomy":"product_tag","embeddable":true,"href":"https:\/\/secureus.se\/de\/wp-json\/wp\/v2\/product_tag?post=117356"}],"curies":[{"name":"wp","href":"https:\/\/api.w.org\/{rel}","templated":true}]}}