{"id":117521,"date":"2024-11-05T16:47:03","date_gmt":"2024-11-05T15:47:03","guid":{"rendered":"https:\/\/secureus.se\/?post_type=product&#038;p=117521"},"modified":"2026-01-12T12:55:47","modified_gmt":"2026-01-12T11:55:47","slug":"surfplattehallare-tough-wall-table","status":"publish","type":"product","link":"https:\/\/secureus.se\/de\/surfplattehallare-tough-wall-table\/","title":{"rendered":"Tablet-Halter TOUGH WALL\/TABLE"},"content":{"rendered":"<p>Surfbretthalter, der an einer Tischplatte (max. 25 mm) oder einer Wand montiert werden kann. Geeignet f\u00fcr Tablets in der Gr\u00f6\u00dfe 7\u2033-13\u2033 (160-275 mm) mit einer Dicke von max. 8 mm. F\u00fcr den Informationsaustausch und Pr\u00e4sentationen in Gesch\u00e4ften, Empf\u00e4ngen, Verkaufs- und Ausstellungsr\u00e4umen. Aus schwer entflammbarem Material. Die Halterung mit gummierten Oberfl\u00e4chen, die das Tablet vor Kratzern und Besch\u00e4digungen sch\u00fctzen, ist um 360\u00b0 drehbar. Ergonomisch durch den flexiblen Schwanenhals, der eine individuelle und stufenlose H\u00f6henverstellung erm\u00f6glicht. Das Tablet l\u00e4sst sich leicht in die Halterung einsetzen und entnehmen, die mit einem Spezialschl\u00fcssel gegen Diebstahl gesichert ist. Dar\u00fcber hinaus l\u00e4sst sich der gesamte Tischst\u00e4nder mit einem externen Kabelschloss \u201eMinisaver Mobile Lock\u201c von Kensington abschlie\u00dfen. Der Anschluss des Ladekabels erfolgt durch eine \u00d6ffnung in der Halterung.<br \/>\nMaximales Gewicht f\u00fcr das Tablet 1 kg<br \/>\nDer Schwanenhals + Halter hat eine H\u00f6he von 280 mm<br \/>\nAbmessungen: 280 x 172 x 82 mm (B x H x T)<\/p>","protected":false},"excerpt":{"rendered":"<p>Halterung f\u00fcr Tablet 7-13\u2033 zur Tisch- oder Wandmontage. Mit biegbarem Schwanenhals und Kugelgelenk.<\/p>","protected":false},"featured_media":137248,"template":"","meta":{"_acf_changed":false},"product_brand":[],"product_cat":[4236],"product_tag":[4381],"class_list":{"0":"post-117521","1":"product","2":"type-product","3":"status-publish","4":"has-post-thumbnail","6":"product_cat-surfplattehallare","7":"product_tag-svart","8":"product_shipping_class-tunga-paket","9":"pa_brands-durable","10":"pa_farg-svart","11":"tm-no-options","13":"first","14":"instock","15":"sale","16":"taxable","17":"shipping-taxable","18":"purchasable","19":"product-type-simple"},"acf":[],"_links":{"self":[{"href":"https:\/\/secureus.se\/de\/wp-json\/wp\/v2\/product\/117521","targetHints":{"allow":["GET"]}}],"collection":[{"href":"https:\/\/secureus.se\/de\/wp-json\/wp\/v2\/product"}],"about":[{"href":"https:\/\/secureus.se\/de\/wp-json\/wp\/v2\/types\/product"}],"wp:featuredmedia":[{"embeddable":true,"href":"https:\/\/secureus.se\/de\/wp-json\/wp\/v2\/media\/137248"}],"wp:attachment":[{"href":"https:\/\/secureus.se\/de\/wp-json\/wp\/v2\/media?parent=117521"}],"wp:term":[{"taxonomy":"product_brand","embeddable":true,"href":"https:\/\/secureus.se\/de\/wp-json\/wp\/v2\/product_brand?post=117521"},{"taxonomy":"product_cat","embeddable":true,"href":"https:\/\/secureus.se\/de\/wp-json\/wp\/v2\/product_cat?post=117521"},{"taxonomy":"product_tag","embeddable":true,"href":"https:\/\/secureus.se\/de\/wp-json\/wp\/v2\/product_tag?post=117521"}],"curies":[{"name":"wp","href":"https:\/\/api.w.org\/{rel}","templated":true}]}}