{"id":117539,"date":"2024-11-20T14:16:24","date_gmt":"2024-11-20T13:16:24","guid":{"rendered":"https:\/\/secureus.se\/?post_type=product&#038;p=117539"},"modified":"2026-01-12T12:06:15","modified_gmt":"2026-01-12T11:06:15","slug":"plastficka-a6l-sjalvhaftande","status":"publish","type":"product","link":"https:\/\/secureus.se\/de\/plastficka-a6l-sjalvhaftande\/","title":{"rendered":"Kunststofftasche A6L selbstklebend"},"content":{"rendered":"<p>Eine klare und \u00fcbersichtliche Kennzeichnung von Regalen, Schr\u00e4nken, T\u00fcren, Paletten, Beh\u00e4ltern und anderen Fl\u00e4chen optimiert und beschleunigt die Arbeitsabl\u00e4ufe in Lagern und Produktionsst\u00e4tten. Die selbstklebenden Kunststoffh\u00fcllen aus robustem Polypropylen sind scannbar und sch\u00fctzen die austauschbaren Etiketten vor Verschmutzung. Zwei Klebestreifen auf der R\u00fcckseite fixieren die H\u00fclle sicher. Eine kostenlose Etikettenvorlage finden Sie unter www.duraprint.se.<br \/>\nInnenma\u00dfe: A6L (148 x 105 mm B x H)<br \/>\nAu\u00dfenma\u00dfe: 163\u00d7120 mm (B x H)<br \/>\nZubeh\u00f6r: Etiketten auf A4-Bl\u00e4ttern, Art.-Nr. Nr. 485102<\/p>","protected":false},"excerpt":{"rendered":"<p>Kunststofftasche mit zwei selbstklebenden Streifen auf der R\u00fcckseite. F\u00fcr den dauerhafteren Einsatz z.B. auf Paletten und Containern.<\/p>","protected":false},"featured_media":133789,"template":"","meta":{"_acf_changed":false},"product_brand":[],"product_cat":[4306],"product_tag":[4387],"class_list":{"0":"post-117539","1":"product","2":"type-product","3":"status-publish","4":"has-post-thumbnail","6":"product_cat-markning-pallstall","7":"product_tag-bla","8":"product_shipping_class-tunga-paket","9":"pa_brands-durable","10":"pa_farg-bla","11":"tm-no-options","13":"first","14":"instock","15":"sale","16":"taxable","17":"shipping-taxable","18":"purchasable","19":"product-type-simple"},"acf":[],"_links":{"self":[{"href":"https:\/\/secureus.se\/de\/wp-json\/wp\/v2\/product\/117539","targetHints":{"allow":["GET"]}}],"collection":[{"href":"https:\/\/secureus.se\/de\/wp-json\/wp\/v2\/product"}],"about":[{"href":"https:\/\/secureus.se\/de\/wp-json\/wp\/v2\/types\/product"}],"wp:featuredmedia":[{"embeddable":true,"href":"https:\/\/secureus.se\/de\/wp-json\/wp\/v2\/media\/133789"}],"wp:attachment":[{"href":"https:\/\/secureus.se\/de\/wp-json\/wp\/v2\/media?parent=117539"}],"wp:term":[{"taxonomy":"product_brand","embeddable":true,"href":"https:\/\/secureus.se\/de\/wp-json\/wp\/v2\/product_brand?post=117539"},{"taxonomy":"product_cat","embeddable":true,"href":"https:\/\/secureus.se\/de\/wp-json\/wp\/v2\/product_cat?post=117539"},{"taxonomy":"product_tag","embeddable":true,"href":"https:\/\/secureus.se\/de\/wp-json\/wp\/v2\/product_tag?post=117539"}],"curies":[{"name":"wp","href":"https:\/\/api.w.org\/{rel}","templated":true}]}}