{"id":117573,"date":"2024-12-07T15:21:15","date_gmt":"2024-12-07T14:21:15","guid":{"rendered":"https:\/\/secureus.se\/?post_type=product&#038;p=117573"},"modified":"2026-01-12T12:30:02","modified_gmt":"2026-01-12T11:30:02","slug":"plastficka-vattentalig-a4-buntbandsfaste","status":"publish","type":"product","link":"https:\/\/secureus.se\/de\/plastficka-vattentalig-a4-buntbandsfaste\/","title":{"rendered":"Wasserdichter A4-Ordnerclip aus Kunststoff"},"content":{"rendered":"<p>Wasserfeste und wasserdichte, witterungs- und kratzfeste, UV-best\u00e4ndige und nicht reflektierende Kunststofftaschen f\u00fcr doppelseitige Informationen in Umgebungen, die Regen, Feuchtigkeit, Spritzern und Schmutz ausgesetzt sind, z. B. Poolbereiche, Saunaanlagen, Baum\u00e4rkte und Gartengesch\u00e4fte . Waschbar und desinfizierbar. Die Beschilderung\/Angabe kann mit Hilfe von Vorlagen aus dem kostenlosen Programm duraprint erstellt werden. Die Kunststofftaschen k\u00f6nnen im Hoch- oder Querformat verwendet werden, 2 160g\/m2 A4-Bl\u00e4tter sind im Lieferumfang enthalten. Im Lieferumfang sind zwei Kabelbinder enthalten, die durch die L\u00f6cher in den Taschen gef\u00e4delt und beispielsweise an einem Gitter befestigt werden. 5 St\u00fcck im Beutel. <\/p>","protected":false},"excerpt":{"rendered":"<p>Wasserdichte Kunststofftasche f\u00fcr Informationen im Freien und in feuchten Innenr\u00e4umen. Mit Kabelbinderbefestigung zur Befestigung z.B. an Gitterrosten.<\/p>","protected":false},"featured_media":135513,"template":"","meta":{"_acf_changed":false},"product_brand":[],"product_cat":[4306],"product_tag":[4376],"class_list":{"0":"post-117573","1":"product","2":"type-product","3":"status-publish","4":"has-post-thumbnail","6":"product_cat-markning-pallstall","7":"product_tag-transparent","8":"product_shipping_class-tunga-paket","9":"pa_brands-durable","10":"pa_farg-transparent","11":"tm-no-options","13":"first","14":"instock","15":"sale","16":"taxable","17":"shipping-taxable","18":"purchasable","19":"product-type-simple"},"acf":[],"_links":{"self":[{"href":"https:\/\/secureus.se\/de\/wp-json\/wp\/v2\/product\/117573","targetHints":{"allow":["GET"]}}],"collection":[{"href":"https:\/\/secureus.se\/de\/wp-json\/wp\/v2\/product"}],"about":[{"href":"https:\/\/secureus.se\/de\/wp-json\/wp\/v2\/types\/product"}],"wp:featuredmedia":[{"embeddable":true,"href":"https:\/\/secureus.se\/de\/wp-json\/wp\/v2\/media\/135513"}],"wp:attachment":[{"href":"https:\/\/secureus.se\/de\/wp-json\/wp\/v2\/media?parent=117573"}],"wp:term":[{"taxonomy":"product_brand","embeddable":true,"href":"https:\/\/secureus.se\/de\/wp-json\/wp\/v2\/product_brand?post=117573"},{"taxonomy":"product_cat","embeddable":true,"href":"https:\/\/secureus.se\/de\/wp-json\/wp\/v2\/product_cat?post=117573"},{"taxonomy":"product_tag","embeddable":true,"href":"https:\/\/secureus.se\/de\/wp-json\/wp\/v2\/product_tag?post=117573"}],"curies":[{"name":"wp","href":"https:\/\/api.w.org\/{rel}","templated":true}]}}