{"id":117655,"date":"2024-11-20T14:16:43","date_gmt":"2024-11-20T13:16:43","guid":{"rendered":"https:\/\/secureus.se\/?post_type=product&#038;p=117655"},"modified":"2026-01-12T12:00:11","modified_gmt":"2026-01-12T11:00:11","slug":"pabudsdekal-anvand-ansiktsskydd-borttagbar","status":"publish","type":"product","link":"https:\/\/secureus.se\/de\/pabudsdekal-anvand-ansiktsskydd-borttagbar\/","title":{"rendered":"Pflichtaufkleber \u201eGesichtsschutz verwenden\u201c abnehmbar"},"content":{"rendered":"<p>F\u00fcr mehr Sicherheit im \u00f6ffentlichen Raum: Bodenmarkierungsaufkleber mit Gebots- oder Verbotssymbolen, die dabei helfen, Hygiene- und Abstandsregeln zu kommunizieren. Selbstklebender, wiederabl\u00f6sbarer, gro\u00dfer Bodenaufkleber \u201eGesichtsschutz verwenden\u201c weist deutlich darauf hin, dass in der Umgebung (z. B. Gesch\u00e4fte, Fitnessstudios, Hotels, Restaurants) Schutzvisiere verwendet werden m\u00fcssen. Zur Befestigung auf sauberen und trockenen Betonb\u00f6den. Rutschhemmungsgrad R9 nach DIN 51130. Die Schilder erf\u00fcllen die Anforderungen der ISO 7010.<br \/>\nAbmessungen: \u00d8 430 mm, Dicke 0,2 mm<\/p>","protected":false},"excerpt":{"rendered":"<p>Selbstklebendes, wiederabl\u00f6sbares Gebotsschild zur Bodenanbringung. Informiert anschaulich \u00fcber die Verwendung von Schutzvisieren und tr\u00e4gt zur Erh\u00f6hung der Sicherheit und des Risikobewusstseins bei.<\/p>","protected":false},"featured_media":133622,"template":"","meta":{"_acf_changed":false},"product_brand":[],"product_cat":[4307],"product_tag":[4387],"class_list":{"0":"post-117655","1":"product","2":"type-product","3":"status-publish","4":"has-post-thumbnail","6":"product_cat-sakerhetsmarkning","7":"product_tag-bla","8":"product_shipping_class-tunga-paket","9":"pa_brands-durable","10":"pa_farg-bla","11":"tm-no-options","13":"first","14":"instock","15":"sale","16":"taxable","17":"shipping-taxable","18":"purchasable","19":"product-type-simple"},"acf":[],"_links":{"self":[{"href":"https:\/\/secureus.se\/de\/wp-json\/wp\/v2\/product\/117655","targetHints":{"allow":["GET"]}}],"collection":[{"href":"https:\/\/secureus.se\/de\/wp-json\/wp\/v2\/product"}],"about":[{"href":"https:\/\/secureus.se\/de\/wp-json\/wp\/v2\/types\/product"}],"wp:featuredmedia":[{"embeddable":true,"href":"https:\/\/secureus.se\/de\/wp-json\/wp\/v2\/media\/133622"}],"wp:attachment":[{"href":"https:\/\/secureus.se\/de\/wp-json\/wp\/v2\/media?parent=117655"}],"wp:term":[{"taxonomy":"product_brand","embeddable":true,"href":"https:\/\/secureus.se\/de\/wp-json\/wp\/v2\/product_brand?post=117655"},{"taxonomy":"product_cat","embeddable":true,"href":"https:\/\/secureus.se\/de\/wp-json\/wp\/v2\/product_cat?post=117655"},{"taxonomy":"product_tag","embeddable":true,"href":"https:\/\/secureus.se\/de\/wp-json\/wp\/v2\/product_tag?post=117655"}],"curies":[{"name":"wp","href":"https:\/\/api.w.org\/{rel}","templated":true}]}}