{"id":117856,"date":"2024-11-05T16:57:09","date_gmt":"2024-11-05T15:57:09","guid":{"rendered":"https:\/\/secureus.se\/?post_type=product&#038;p=117856"},"modified":"2026-01-12T12:01:35","modified_gmt":"2026-01-12T11:01:35","slug":"markeringstejp-duraline-basic-50-016-5","status":"publish","type":"product","link":"https:\/\/secureus.se\/de\/markeringstejp-duraline-basic-50-016-5\/","title":{"rendered":"Markierungsband DURALINE\u00ae BASIC 50\/016"},"content":{"rendered":"<p>Selbstklebendes Markierungsband, das an unebene Oberfl\u00e4chen oder an Kanten und Ecken angepasst werden kann. Der Gummiklebstoff des Klebebands ist nicht nur formbar, sondern l\u00e4sst sich auch leicht entfernen, ohne Kleber\u00fcckst\u00e4nde zu hinterlassen, wodurch es sich perfekt f\u00fcr die vor\u00fcbergehende und dauerhaftere Markierung von Oberfl\u00e4chen und Objekten eignet. F\u00fcr den Innenbereich auf sauberen, \u00f6l- und staubfreien Oberfl\u00e4chen. Stellen Sie sicher, dass B\u00f6den, S\u00e4ulen, Gel\u00e4nder, T\u00fcren usw., die eine Gefahr darstellen k\u00f6nnen, deutlich gekennzeichnet sind und von den Menschen in ihrer Umgebung ordnungsgem\u00e4\u00df wahrgenommen werden. Das Band ist glatt und hat keine Rutschfestigkeit. Anleitung zur Montage im Lieferumfang enthalten. Breite: 50 mm Dicke: 0,16 mm L\u00e4nge: 33 m<\/p>","protected":false},"excerpt":{"rendered":"<p>Markierungsband zur Markierung, Farbkodierung und zum Hinweisen auf beispielsweise Gefahren und Risiken im Innenbereich<\/p>","protected":false},"featured_media":137077,"template":"","meta":{"_acf_changed":false},"product_brand":[],"product_cat":[4303],"product_tag":[4387],"class_list":{"0":"post-117856","1":"product","2":"type-product","3":"status-publish","4":"has-post-thumbnail","6":"product_cat-golvtejp","7":"product_tag-bla","8":"product_shipping_class-tunga-paket","9":"pa_brands-durable","10":"pa_farg-bla","11":"tm-no-options","13":"first","14":"instock","15":"sale","16":"taxable","17":"shipping-taxable","18":"purchasable","19":"product-type-simple"},"acf":[],"_links":{"self":[{"href":"https:\/\/secureus.se\/de\/wp-json\/wp\/v2\/product\/117856","targetHints":{"allow":["GET"]}}],"collection":[{"href":"https:\/\/secureus.se\/de\/wp-json\/wp\/v2\/product"}],"about":[{"href":"https:\/\/secureus.se\/de\/wp-json\/wp\/v2\/types\/product"}],"wp:featuredmedia":[{"embeddable":true,"href":"https:\/\/secureus.se\/de\/wp-json\/wp\/v2\/media\/137077"}],"wp:attachment":[{"href":"https:\/\/secureus.se\/de\/wp-json\/wp\/v2\/media?parent=117856"}],"wp:term":[{"taxonomy":"product_brand","embeddable":true,"href":"https:\/\/secureus.se\/de\/wp-json\/wp\/v2\/product_brand?post=117856"},{"taxonomy":"product_cat","embeddable":true,"href":"https:\/\/secureus.se\/de\/wp-json\/wp\/v2\/product_cat?post=117856"},{"taxonomy":"product_tag","embeddable":true,"href":"https:\/\/secureus.se\/de\/wp-json\/wp\/v2\/product_tag?post=117856"}],"curies":[{"name":"wp","href":"https:\/\/api.w.org\/{rel}","templated":true}]}}