{"id":117919,"date":"2024-11-05T17:04:03","date_gmt":"2024-11-05T16:04:03","guid":{"rendered":"https:\/\/secureus.se\/?post_type=product&#038;p=117919"},"modified":"2026-01-12T12:38:57","modified_gmt":"2026-01-12T11:38:57","slug":"vario-table-20","status":"publish","type":"product","link":"https:\/\/secureus.se\/de\/vario-table-20\/","title":{"rendered":"VARIO\u00ae TISCH 20"},"content":{"rendered":"<p>Informations- und Pr\u00e4sentationsst\u00e4nde, die viele verschiedene Namen haben; Panel, Display, \u00dcbersichtssystem, Fl\u00fcgelregister, PLU-Halter, Dokumentenhalter, Lat-Dog.... Unabh\u00e4ngig vom Namen findet es vielf\u00e4ltige Verwendungsm\u00f6glichkeiten in B\u00fcros, Gesch\u00e4ften, K\u00fcchen, Kassen, Ausstellungen usw. Im \u00dcbersichtssystem werden h\u00e4ufig genutzte Informationen gespeichert, schnell gefunden und einfach eingesehen. VARIO\u00ae TABLE 20 ist ein kompletter Tischst\u00e4nder mit 10 entspiegelten, scanbaren Kunststofftaschen (rot, gelb, gr\u00fcn und dunkelblau) aus Polypropylen f\u00fcr Dokumente im A4-Format. Abnehmbarer 58-mm-Headerhalter im Lieferumfang enthalten. Beim Einsetzen und Herausnehmen der Taschen empfiehlt es sich, die Tasche entlang der inneren L\u00e4ngsseite in der Mitte vorsichtig etwas zu biegen, so l\u00e4sst sich die Tasche leicht einsetzen und herausnehmen, ohne die Spikes in der Halterung zu besch\u00e4digen. Gummif\u00fc\u00dfe sorgen f\u00fcr einen sicheren Stand. 5 Jahre Garantie. Die Garantiebedingungen finden Sie hier: https:\/\/www.durable.se\/sv_SE\/service\/garanti\/garanti-foer-sherpa-vario\/<\/p>","protected":false},"excerpt":{"rendered":"<p>Kompletter Tischst\u00e4nder aus Metall mit 20 aufklappbaren A4-Tafeln, um h\u00e4ufig ben\u00f6tigte Informationen schnell und \u00fcbersichtlich zur Hand zu haben. <\/p>","protected":false},"featured_media":136254,"template":"","meta":{"_acf_changed":false},"product_brand":[],"product_cat":[4298],"product_tag":[4397],"class_list":{"0":"post-117919","1":"product","2":"type-product","3":"status-publish","4":"has-post-thumbnail","6":"product_cat-bladderstall-bord","7":"product_tag-mix","8":"product_shipping_class-tunga-paket","9":"pa_brands-durable","10":"pa_farg-mix","11":"tm-no-options","13":"first","14":"instock","15":"sale","16":"taxable","17":"shipping-taxable","18":"purchasable","19":"product-type-simple"},"acf":[],"_links":{"self":[{"href":"https:\/\/secureus.se\/de\/wp-json\/wp\/v2\/product\/117919","targetHints":{"allow":["GET"]}}],"collection":[{"href":"https:\/\/secureus.se\/de\/wp-json\/wp\/v2\/product"}],"about":[{"href":"https:\/\/secureus.se\/de\/wp-json\/wp\/v2\/types\/product"}],"wp:featuredmedia":[{"embeddable":true,"href":"https:\/\/secureus.se\/de\/wp-json\/wp\/v2\/media\/136254"}],"wp:attachment":[{"href":"https:\/\/secureus.se\/de\/wp-json\/wp\/v2\/media?parent=117919"}],"wp:term":[{"taxonomy":"product_brand","embeddable":true,"href":"https:\/\/secureus.se\/de\/wp-json\/wp\/v2\/product_brand?post=117919"},{"taxonomy":"product_cat","embeddable":true,"href":"https:\/\/secureus.se\/de\/wp-json\/wp\/v2\/product_cat?post=117919"},{"taxonomy":"product_tag","embeddable":true,"href":"https:\/\/secureus.se\/de\/wp-json\/wp\/v2\/product_tag?post=117919"}],"curies":[{"name":"wp","href":"https:\/\/api.w.org\/{rel}","templated":true}]}}