{"id":117964,"date":"2024-11-05T17:02:51","date_gmt":"2024-11-05T16:02:51","guid":{"rendered":"https:\/\/secureus.se\/?post_type=product&#038;p=117964"},"modified":"2026-01-12T12:04:19","modified_gmt":"2026-01-12T11:04:19","slug":"varseldekal-anvand-horselskydd","status":"publish","type":"product","link":"https:\/\/secureus.se\/de\/varseldekal-anvand-horselskydd\/","title":{"rendered":"Warnaufkleber \u201eGeh\u00f6rschutz verwenden\u201c"},"content":{"rendered":"<p>Der selbstklebende gro\u00dfe Bodenaufkleber \u201eGeh\u00f6rschutz verwenden\u201c weist Besucher und Personal deutlich darauf hin, die Empfehlungen zu befolgen, um das Verletzungsrisiko zu reduzieren. Wird auf sauberen und trockenen Betonb\u00f6den befestigt. Strapazierf\u00e4hig und langlebig mit Rutschhemmung R9 nach DIN 51130. Die Schilder erf\u00fcllen die Anforderungen der ISO 7010.<br \/>\nAbmessungen: \u00d8 430 mm, Dicke 0,4 mm<\/p>","protected":false},"excerpt":{"rendered":"<p>Selbstklebendes Gebotsschild zur Bodenanbringung. Informiert anschaulich \u00fcber den Schutz des Geh\u00f6rs und tr\u00e4gt zu einem erh\u00f6hten Sicherheits- und Risikobewusstsein bei.<\/p>","protected":false},"featured_media":135544,"template":"","meta":{"_acf_changed":false},"product_brand":[],"product_cat":[4307],"product_tag":[4387],"class_list":{"0":"post-117964","1":"product","2":"type-product","3":"status-publish","4":"has-post-thumbnail","6":"product_cat-sakerhetsmarkning","7":"product_tag-bla","8":"product_shipping_class-tunga-paket","9":"pa_brands-durable","10":"pa_farg-bla","11":"tm-no-options","13":"first","14":"instock","15":"sale","16":"taxable","17":"shipping-taxable","18":"purchasable","19":"product-type-simple"},"acf":[],"_links":{"self":[{"href":"https:\/\/secureus.se\/de\/wp-json\/wp\/v2\/product\/117964","targetHints":{"allow":["GET"]}}],"collection":[{"href":"https:\/\/secureus.se\/de\/wp-json\/wp\/v2\/product"}],"about":[{"href":"https:\/\/secureus.se\/de\/wp-json\/wp\/v2\/types\/product"}],"wp:featuredmedia":[{"embeddable":true,"href":"https:\/\/secureus.se\/de\/wp-json\/wp\/v2\/media\/135544"}],"wp:attachment":[{"href":"https:\/\/secureus.se\/de\/wp-json\/wp\/v2\/media?parent=117964"}],"wp:term":[{"taxonomy":"product_brand","embeddable":true,"href":"https:\/\/secureus.se\/de\/wp-json\/wp\/v2\/product_brand?post=117964"},{"taxonomy":"product_cat","embeddable":true,"href":"https:\/\/secureus.se\/de\/wp-json\/wp\/v2\/product_cat?post=117964"},{"taxonomy":"product_tag","embeddable":true,"href":"https:\/\/secureus.se\/de\/wp-json\/wp\/v2\/product_tag?post=117964"}],"curies":[{"name":"wp","href":"https:\/\/api.w.org\/{rel}","templated":true}]}}