{"id":118037,"date":"2024-11-20T14:17:50","date_gmt":"2024-11-20T13:17:50","guid":{"rendered":"https:\/\/secureus.se\/?post_type=product&#038;p=118037"},"modified":"2024-11-21T14:24:48","modified_gmt":"2024-11-21T13:24:48","slug":"sekretessfilter-magnetic-13-3-169-2","status":"publish","type":"product","link":"https:\/\/secureus.se\/de\/sekretessfilter-magnetic-13-3-169-2\/","title":{"rendered":"Blickschutzfilter MAGNETIC 13,3\u201c 16:9"},"content":{"rendered":"<p>Da es \u00fcblich ist, an mehr Orten als im B\u00fcro zu arbeiten \u2013 in Z\u00fcgen, Flugzeugen oder an \u00f6ffentlichen Orten mit vielen Menschen wie Caf\u00e9s \u2013, steigt auch das Risiko, dass Unbefugte einen Blick auf Informationen werfen oder diese sehen, die wir nicht weitergeben m\u00f6chten oder sollten. Sch\u00fctzen Sie Ihren Computerbildschirm mit Blickschutzfiltern vor visuellem Hacking und neugierigen Blicken. Entfernen Sie die Schutzfolie von den Magneten am oberen rechten und linken Rand des Filters und befestigen Sie den Filter am PC. Dann entfernen Sie einfach den Filter, der magnetisch an den beiden am PC befestigten Magneten haftet. Wenn der Filter nicht verwendet wird, kann er im mitgelieferten Aufbewahrungsordner aufbewahrt werden. Der Blickschutzfilter verdunkelt den Bildschirm im 30\u00b0-Winkel von beiden Seiten, bietet dem Nutzer aber von vorne ein klares Bildschirmbild. Bei seitlicher Betrachtung verhindert der Blickschutzfilter ab einem Winkel von 60\u00b0 \u201eSneak Peeks\u201c. Die matte Oberfl\u00e4che des Filters reduziert die Belastung der Augen und reduziert sch\u00e4dliches blaues Licht. Der Computerbildschirm wird durch den Blickschutzfilter vor Kratzern und Staub gesch\u00fctzt und kann auch auf Touchscreens verwendet werden. Zum Reinigen des Computerbildschirms und des Blickschutzfilters ist ein Mikrofasertuch im Lieferumfang enthalten.<br \/>\nDieser Blickschutzfilter ist f\u00fcr 13,3&quot; 16:9-Bildschirme mit den Ma\u00dfen 294 x 166,5 mm \/ 11,6&quot; x 6,5&quot; (BxH) gedacht. Die Abmessungen des Blickschutzfilters betragen 294 x 174,5 mm.<\/p>","protected":false},"excerpt":{"rendered":"<p>Blickschutzfilter mit magnetischer Befestigung, der die Privatsph\u00e4re Ihres Computerbildschirms vor unbefugten Blicken sch\u00fctzt. Lieferung in praktischer Aufbewahrungstasche. F\u00fcr 13,3\u201c 16:9 Bildschirme.<\/p>","protected":false},"featured_media":116045,"template":"","meta":{"_acf_changed":false},"product_brand":[],"product_cat":[4241,4242],"product_tag":[],"class_list":{"0":"post-118037","1":"product","2":"type-product","3":"status-publish","4":"has-post-thumbnail","6":"product_cat-datortillbehor","7":"product_cat-sekretessfilter","8":"pa_brands-durable","9":"pa_farg-antracitgra","10":"tm-no-options","12":"first","13":"instock","14":"sale","15":"taxable","16":"shipping-taxable","17":"purchasable","18":"product-type-simple"},"acf":[],"_links":{"self":[{"href":"https:\/\/secureus.se\/de\/wp-json\/wp\/v2\/product\/118037","targetHints":{"allow":["GET"]}}],"collection":[{"href":"https:\/\/secureus.se\/de\/wp-json\/wp\/v2\/product"}],"about":[{"href":"https:\/\/secureus.se\/de\/wp-json\/wp\/v2\/types\/product"}],"wp:featuredmedia":[{"embeddable":true,"href":"https:\/\/secureus.se\/de\/wp-json\/wp\/v2\/media\/116045"}],"wp:attachment":[{"href":"https:\/\/secureus.se\/de\/wp-json\/wp\/v2\/media?parent=118037"}],"wp:term":[{"taxonomy":"product_brand","embeddable":true,"href":"https:\/\/secureus.se\/de\/wp-json\/wp\/v2\/product_brand?post=118037"},{"taxonomy":"product_cat","embeddable":true,"href":"https:\/\/secureus.se\/de\/wp-json\/wp\/v2\/product_cat?post=118037"},{"taxonomy":"product_tag","embeddable":true,"href":"https:\/\/secureus.se\/de\/wp-json\/wp\/v2\/product_tag?post=118037"}],"curies":[{"name":"wp","href":"https:\/\/api.w.org\/{rel}","templated":true}]}}