{"id":118077,"date":"2024-11-05T16:54:16","date_gmt":"2024-11-05T15:54:16","guid":{"rendered":"https:\/\/secureus.se\/?post_type=product&#038;p=118077"},"modified":"2026-01-12T12:01:16","modified_gmt":"2026-01-12T11:01:16","slug":"plastficka-sjalvhaftande-hard-cover-a5l","status":"publish","type":"product","link":"https:\/\/secureus.se\/de\/plastficka-sjalvhaftande-hard-cover-a5l\/","title":{"rendered":"Kunststofftasche selbstklebend HARD COVER A5L"},"content":{"rendered":"<p>Eine klare und umfassende Kennzeichnung von Regalen, Schr\u00e4nken, T\u00fcren, Paletten, Beh\u00e4ltern und anderen R\u00e4umen verbessert und rationalisiert den Arbeitsprozess in Lagern und Produktionsst\u00e4tten. Die transparenten, selbstklebenden Etikettenhalter aus starrem PET-Kunststoff sind mit einem Scanner lesbar. Die Etiketten lassen sich leicht wechseln, da die Halter oben und an beiden Seiten offen sind und au\u00dferdem \u00fcber abgeschr\u00e4gte Ecken verf\u00fcgen, um einen einfachen Zugang zum Einsatz zu erm\u00f6glichen. Installiert mit Klebestreifen, die sich entfernen lassen, ohne dass beim Entfernen Kleber\u00fcckst\u00e4nde zur\u00fcckbleiben. Jeder Etikettenhalter ist mit einer transparenten Kunststofffolie \u00fcberzogen, die beim Transport und bei der Lagerung vor Kratzern sch\u00fctzt. Die Schutzfolie l\u00e4sst sich leicht entfernen, wenn das Produkt verwendet werden soll. Eine kostenlose Vorlage f\u00fcr das Etikett finden Sie unter www.duraprint.se.<br \/>\nInnenma\u00dfe: A5L (148,5 x 210 mm) (B x H)<br \/>\nAu\u00dfenma\u00dfe: 213 x 153 mm (B x H)<br \/>\nZubeh\u00f6r: Etiketten auf A4-Bl\u00e4ttern, Art.-Nr. Nr. 485502<\/p>","protected":false},"excerpt":{"rendered":"<p>Kunststofftasche aus PET-Kunststoff mit selbstklebenden und wiederabl\u00f6sbaren Klebestreifen auf der R\u00fcckseite. Zur Verwendung z.B. auf Paletten und Containern.<\/p>","protected":false},"featured_media":136400,"template":"","meta":{"_acf_changed":false},"product_brand":[],"product_cat":[4306],"product_tag":[4376],"class_list":{"0":"post-118077","1":"product","2":"type-product","3":"status-publish","4":"has-post-thumbnail","6":"product_cat-markning-pallstall","7":"product_tag-transparent","8":"product_shipping_class-tunga-paket","9":"pa_brands-durable","10":"pa_farg-transparent","11":"tm-no-options","13":"first","14":"instock","15":"sale","16":"taxable","17":"shipping-taxable","18":"purchasable","19":"product-type-simple"},"acf":[],"_links":{"self":[{"href":"https:\/\/secureus.se\/de\/wp-json\/wp\/v2\/product\/118077","targetHints":{"allow":["GET"]}}],"collection":[{"href":"https:\/\/secureus.se\/de\/wp-json\/wp\/v2\/product"}],"about":[{"href":"https:\/\/secureus.se\/de\/wp-json\/wp\/v2\/types\/product"}],"wp:featuredmedia":[{"embeddable":true,"href":"https:\/\/secureus.se\/de\/wp-json\/wp\/v2\/media\/136400"}],"wp:attachment":[{"href":"https:\/\/secureus.se\/de\/wp-json\/wp\/v2\/media?parent=118077"}],"wp:term":[{"taxonomy":"product_brand","embeddable":true,"href":"https:\/\/secureus.se\/de\/wp-json\/wp\/v2\/product_brand?post=118077"},{"taxonomy":"product_cat","embeddable":true,"href":"https:\/\/secureus.se\/de\/wp-json\/wp\/v2\/product_cat?post=118077"},{"taxonomy":"product_tag","embeddable":true,"href":"https:\/\/secureus.se\/de\/wp-json\/wp\/v2\/product_tag?post=118077"}],"curies":[{"name":"wp","href":"https:\/\/api.w.org\/{rel}","templated":true}]}}