{"id":118102,"date":"2024-11-05T17:25:25","date_gmt":"2024-11-05T16:25:25","guid":{"rendered":"https:\/\/secureus.se\/?post_type=product&#038;p=118102"},"modified":"2026-01-12T12:37:02","modified_gmt":"2026-01-12T11:37:02","slug":"sherpa-style-table-10","status":"publish","type":"product","link":"https:\/\/secureus.se\/de\/sherpa-style-table-10\/","title":{"rendered":"TABELLE 10 IM SHERPA\u00ae-STIL"},"content":{"rendered":"<p>Informations- und Pr\u00e4sentationsst\u00e4nde, die viele verschiedene Namen haben; Panel, Display, \u00dcbersichtssystem, Fl\u00fcgelregister, PLU-Halter, Dokumentenhalter, Lat-Dog.... Unabh\u00e4ngig vom Namen findet es vielf\u00e4ltige Verwendungsm\u00f6glichkeiten in B\u00fcros, Gesch\u00e4ften, K\u00fcchen, Kassen, Ausstellungen usw. Im \u00dcbersichtssystem werden h\u00e4ufig genutzte Informationen gespeichert, schnell gefunden und \u00fcbersichtlich angezeigt. SHERPA\u00ae STYLE ist ein kompletter Tischst\u00e4nder mit 10 nicht reflektierenden, scannbaren Polypropylen-Kunststofftaschen f\u00fcr Dokumente im A4-Format. Abnehmbarer 58-mm-Headerhalter im Lieferumfang enthalten. Beim Einsetzen und Herausnehmen der Taschen empfiehlt es sich, die Tasche entlang der inneren L\u00e4ngsseite in der Mitte vorsichtig etwas zu biegen, so l\u00e4sst sich die Tasche leicht einsetzen und herausnehmen, ohne die Spikes in der Halterung zu besch\u00e4digen. Gummif\u00fc\u00dfe sorgen f\u00fcr einen sicheren Stand. 5 Jahre Garantie. Die Garantiebedingungen finden Sie hier: https:\/\/www.durable.se\/sv_SE\/service\/garanti\/garanti-foer-sherpa-vario\/<\/p>","protected":false},"excerpt":{"rendered":"<p>Kompletter Tischst\u00e4nder mit 10 scrollbaren Feldern, um h\u00e4ufig verwendete Informationen schnell und \u00fcbersichtlich zur Hand zu haben. <\/p>","protected":false},"featured_media":135322,"template":"","meta":{"_acf_changed":false},"product_brand":[],"product_cat":[4298],"product_tag":[4381],"class_list":{"0":"post-118102","1":"product","2":"type-product","3":"status-publish","4":"has-post-thumbnail","6":"product_cat-bladderstall-bord","7":"product_tag-svart","8":"product_shipping_class-tunga-paket","9":"pa_brands-durable","10":"pa_farg-svart","11":"tm-no-options","13":"first","14":"instock","15":"sale","16":"taxable","17":"shipping-taxable","18":"purchasable","19":"product-type-simple"},"acf":[],"_links":{"self":[{"href":"https:\/\/secureus.se\/de\/wp-json\/wp\/v2\/product\/118102","targetHints":{"allow":["GET"]}}],"collection":[{"href":"https:\/\/secureus.se\/de\/wp-json\/wp\/v2\/product"}],"about":[{"href":"https:\/\/secureus.se\/de\/wp-json\/wp\/v2\/types\/product"}],"wp:featuredmedia":[{"embeddable":true,"href":"https:\/\/secureus.se\/de\/wp-json\/wp\/v2\/media\/135322"}],"wp:attachment":[{"href":"https:\/\/secureus.se\/de\/wp-json\/wp\/v2\/media?parent=118102"}],"wp:term":[{"taxonomy":"product_brand","embeddable":true,"href":"https:\/\/secureus.se\/de\/wp-json\/wp\/v2\/product_brand?post=118102"},{"taxonomy":"product_cat","embeddable":true,"href":"https:\/\/secureus.se\/de\/wp-json\/wp\/v2\/product_cat?post=118102"},{"taxonomy":"product_tag","embeddable":true,"href":"https:\/\/secureus.se\/de\/wp-json\/wp\/v2\/product_tag?post=118102"}],"curies":[{"name":"wp","href":"https:\/\/api.w.org\/{rel}","templated":true}]}}