{"id":118109,"date":"2024-11-05T16:53:58","date_gmt":"2024-11-05T15:53:58","guid":{"rendered":"https:\/\/secureus.se\/?post_type=product&#038;p=118109"},"modified":"2026-01-12T12:01:43","modified_gmt":"2026-01-12T11:01:43","slug":"etiketthallare-magnetisk-hard-cover-150x67-mm","status":"publish","type":"product","link":"https:\/\/secureus.se\/de\/etiketthallare-magnetisk-hard-cover-150x67-mm\/","title":{"rendered":"Etikettenhalter magnetisch HARD COVER 150\u00d767 mm"},"content":{"rendered":"<p>Eine klare und umfassende Kennzeichnung von Regalen, Schr\u00e4nken, T\u00fcren, Paletten, Beh\u00e4ltern und anderen R\u00e4umen verbessert und rationalisiert den Arbeitsprozess in Lagern und Produktionsst\u00e4tten. Die transparenten, magnetischen Etikettenhalter aus starrem PET-Kunststoff k\u00f6nnen mit einem Scanner gelesen werden. Die Etiketten lassen sich leicht wechseln, da die Taschen oben und an beiden Seiten offen sind und au\u00dferdem \u00fcber abgeschr\u00e4gte Ecken verf\u00fcgen, um einen einfachen Zugriff auf das Etikett zu erm\u00f6glichen. Zwei Magnetstreifen auf der R\u00fcckseite halten die Tasche fest an ihrem Platz. Jeder Etikettenhalter ist mit einer transparenten Kunststofffolie \u00fcberzogen, die beim Transport und bei der Lagerung vor Kratzern sch\u00fctzt. Die Schutzfolie l\u00e4sst sich leicht entfernen, wenn das Produkt verwendet werden soll. Eine kostenlose Vorlage f\u00fcr das Etikett finden Sie unter www.duraprint.se.<br \/>\nInnenma\u00dfe: 150 x 67 mm (B x H)<br \/>\nAu\u00dfenma\u00dfe: 153 x 72 mm (B x H)<br \/>\nZubeh\u00f6r: Etiketten auf A4-Bl\u00e4ttern, Art.-Nr. Nr. 100302<\/p>","protected":false},"excerpt":{"rendered":"<p>Etikettenhalter aus PET-Kunststoff mit zwei Magnetstreifen auf der R\u00fcckseite. Zur Verwendung z. B. an Regalkanten aus Metall.<\/p>","protected":false},"featured_media":135911,"template":"","meta":{"_acf_changed":false},"product_brand":[],"product_cat":[4335],"product_tag":[4376],"class_list":{"0":"post-118109","1":"product","2":"type-product","3":"status-publish","4":"has-post-thumbnail","6":"product_cat-etiketthallare","7":"product_tag-transparent","8":"product_shipping_class-tunga-paket","9":"pa_brands-durable","10":"pa_farg-transparent","11":"tm-no-options","13":"first","14":"instock","15":"sale","16":"taxable","17":"shipping-taxable","18":"purchasable","19":"product-type-simple"},"acf":[],"_links":{"self":[{"href":"https:\/\/secureus.se\/de\/wp-json\/wp\/v2\/product\/118109","targetHints":{"allow":["GET"]}}],"collection":[{"href":"https:\/\/secureus.se\/de\/wp-json\/wp\/v2\/product"}],"about":[{"href":"https:\/\/secureus.se\/de\/wp-json\/wp\/v2\/types\/product"}],"wp:featuredmedia":[{"embeddable":true,"href":"https:\/\/secureus.se\/de\/wp-json\/wp\/v2\/media\/135911"}],"wp:attachment":[{"href":"https:\/\/secureus.se\/de\/wp-json\/wp\/v2\/media?parent=118109"}],"wp:term":[{"taxonomy":"product_brand","embeddable":true,"href":"https:\/\/secureus.se\/de\/wp-json\/wp\/v2\/product_brand?post=118109"},{"taxonomy":"product_cat","embeddable":true,"href":"https:\/\/secureus.se\/de\/wp-json\/wp\/v2\/product_cat?post=118109"},{"taxonomy":"product_tag","embeddable":true,"href":"https:\/\/secureus.se\/de\/wp-json\/wp\/v2\/product_tag?post=118109"}],"curies":[{"name":"wp","href":"https:\/\/api.w.org\/{rel}","templated":true}]}}