{"id":118131,"date":"2024-11-05T17:24:18","date_gmt":"2024-11-05T16:24:18","guid":{"rendered":"https:\/\/secureus.se\/?post_type=product&#038;p=118131"},"modified":"2026-01-12T12:35:16","modified_gmt":"2026-01-12T11:35:16","slug":"sherpa-wall-10-2","status":"publish","type":"product","link":"https:\/\/secureus.se\/de\/sherpa-wall-10-2\/","title":{"rendered":"SHERPA\u00ae WALL 10"},"content":{"rendered":"<p>Informations- und Pr\u00e4sentationsst\u00e4nde, die viele verschiedene Namen haben; Panel, Display, \u00dcbersichtssystem, Fl\u00fcgelregister, PLU-Halter, Dokumentenhalter, Lat-Dog.... Unabh\u00e4ngig vom Namen findet es vielf\u00e4ltige Verwendungsm\u00f6glichkeiten in B\u00fcros, Gesch\u00e4ften, K\u00fcchen, Kassen, Ausstellungen usw. Im \u00dcbersichtssystem werden h\u00e4ufig genutzte Informationen gespeichert, schnell gefunden und \u00fcbersichtlich angezeigt. SHERPA\u00ae WALL ist ein komplettes Wandregal mit 10 nicht reflektierenden, scannbaren Polypropylen-Kunststofftaschen (5 grau und 5 schwarz) f\u00fcr Dokumente im A4-Format. Beweglicher 58-mm-Stifthalter sowie Schraube und D\u00fcbel im Lieferumfang enthalten. Beim Einsetzen und Herausnehmen der Taschen empfiehlt es sich, die Tasche entlang der inneren L\u00e4ngsseite in der Mitte vorsichtig etwas zu biegen, so l\u00e4sst sich die Tasche leicht einsetzen und herausnehmen, ohne die Spikes in der Halterung zu besch\u00e4digen. 5 Jahre Garantie. Die Garantiebedingungen finden Sie hier: https:\/\/www.durable.se\/sv_SE\/service\/garanti\/garanti-foer-sherpa-vario\/<\/p>","protected":false},"excerpt":{"rendered":"<p>Komplettes Wandregal mit 10 scrollbaren Feldern, um h\u00e4ufig verwendete Informationen schnell und \u00fcbersichtlich zur Hand zu haben. <\/p>","protected":false},"featured_media":135500,"template":"","meta":{"_acf_changed":false},"product_brand":[],"product_cat":[4299,4256],"product_tag":[4409],"class_list":{"0":"post-118131","1":"product","2":"type-product","3":"status-publish","4":"has-post-thumbnail","6":"product_cat-bladderpanelsystem-vagg","7":"product_cat-ramar-informationsstall","8":"product_tag-svart-gra","9":"product_shipping_class-tunga-paket","10":"pa_brands-durable","11":"pa_farg-svart-gra","12":"tm-no-options","14":"first","15":"instock","16":"sale","17":"taxable","18":"shipping-taxable","19":"purchasable","20":"product-type-simple"},"acf":[],"_links":{"self":[{"href":"https:\/\/secureus.se\/de\/wp-json\/wp\/v2\/product\/118131","targetHints":{"allow":["GET"]}}],"collection":[{"href":"https:\/\/secureus.se\/de\/wp-json\/wp\/v2\/product"}],"about":[{"href":"https:\/\/secureus.se\/de\/wp-json\/wp\/v2\/types\/product"}],"wp:featuredmedia":[{"embeddable":true,"href":"https:\/\/secureus.se\/de\/wp-json\/wp\/v2\/media\/135500"}],"wp:attachment":[{"href":"https:\/\/secureus.se\/de\/wp-json\/wp\/v2\/media?parent=118131"}],"wp:term":[{"taxonomy":"product_brand","embeddable":true,"href":"https:\/\/secureus.se\/de\/wp-json\/wp\/v2\/product_brand?post=118131"},{"taxonomy":"product_cat","embeddable":true,"href":"https:\/\/secureus.se\/de\/wp-json\/wp\/v2\/product_cat?post=118131"},{"taxonomy":"product_tag","embeddable":true,"href":"https:\/\/secureus.se\/de\/wp-json\/wp\/v2\/product_tag?post=118131"}],"curies":[{"name":"wp","href":"https:\/\/api.w.org\/{rel}","templated":true}]}}