{"id":118146,"date":"2024-11-05T16:53:01","date_gmt":"2024-11-05T15:53:01","guid":{"rendered":"https:\/\/secureus.se\/?post_type=product&#038;p=118146"},"modified":"2026-01-12T12:44:40","modified_gmt":"2026-01-12T11:44:40","slug":"etiketthallare-labelfix-200x20-mm","status":"publish","type":"product","link":"https:\/\/secureus.se\/de\/etiketthallare-labelfix-200x20-mm\/","title":{"rendered":"Etikettenhalter LABELFIX\u00ae 200\u00d720 mm"},"content":{"rendered":"<p>Selbstklebender Etikettenhalter LABELFIX\u00ae zur Beschriftung von Regalkanten, F\u00e4chern, Schubladen und Schr\u00e4nken. Wei\u00dfe Etiketten sind im Lieferumfang enthalten und der Halter kann auf die gew\u00fcnschte L\u00e4nge zugeschnitten werden. Seitliche \u00d6ffnung f\u00fcr Etiketten, die nicht so oft gewechselt werden m\u00fcssen. Kostenlose Vorlagen zum Entwerfen und Drucken stilvoller Etiketten finden Sie unter www.duraprint.se. Abmessungen: 200 x 20 mm (BxH)<br \/>\nZubeh\u00f6r:<br \/>\nZus\u00e4tzliche Etiketten auf A5-Bl\u00e4ttern zum Ausdrucken im Drucker, Art.-Nr. 800002<\/p>","protected":false},"excerpt":{"rendered":"<p>Selbstklebender Etikettenhalter zur Beschriftung von z.B. Regalkanten oder Kartons. Seitlich offen. Schreibh\u00f6he 2 cm, L\u00e4nge 20 cm.<\/p>","protected":false},"featured_media":137143,"template":"","meta":{"_acf_changed":false},"product_brand":[],"product_cat":[4335],"product_tag":[4376],"class_list":{"0":"post-118146","1":"product","2":"type-product","3":"status-publish","4":"has-post-thumbnail","6":"product_cat-etiketthallare","7":"product_tag-transparent","8":"product_shipping_class-tunga-paket","9":"pa_brands-durable","10":"pa_farg-transparent","11":"tm-no-options","13":"first","14":"instock","15":"sale","16":"taxable","17":"shipping-taxable","18":"purchasable","19":"product-type-simple"},"acf":[],"_links":{"self":[{"href":"https:\/\/secureus.se\/de\/wp-json\/wp\/v2\/product\/118146","targetHints":{"allow":["GET"]}}],"collection":[{"href":"https:\/\/secureus.se\/de\/wp-json\/wp\/v2\/product"}],"about":[{"href":"https:\/\/secureus.se\/de\/wp-json\/wp\/v2\/types\/product"}],"wp:featuredmedia":[{"embeddable":true,"href":"https:\/\/secureus.se\/de\/wp-json\/wp\/v2\/media\/137143"}],"wp:attachment":[{"href":"https:\/\/secureus.se\/de\/wp-json\/wp\/v2\/media?parent=118146"}],"wp:term":[{"taxonomy":"product_brand","embeddable":true,"href":"https:\/\/secureus.se\/de\/wp-json\/wp\/v2\/product_brand?post=118146"},{"taxonomy":"product_cat","embeddable":true,"href":"https:\/\/secureus.se\/de\/wp-json\/wp\/v2\/product_cat?post=118146"},{"taxonomy":"product_tag","embeddable":true,"href":"https:\/\/secureus.se\/de\/wp-json\/wp\/v2\/product_tag?post=118146"}],"curies":[{"name":"wp","href":"https:\/\/api.w.org\/{rel}","templated":true}]}}